{"id":16863,"date":"2025-03-17T16:28:31","date_gmt":"2025-03-17T13:28:31","guid":{"rendered":"https:\/\/www.akademisacterapi.com\/corporate\/our-team\/meral-ozden\/"},"modified":"2025-03-17T16:39:24","modified_gmt":"2025-03-17T13:39:24","slug":"meral-ozden","status":"publish","type":"page","link":"https:\/\/www.akademisacterapi.com\/en\/corporate\/our-team\/meral-ozden\/","title":{"rendered":"Meral \u00d6zden, Hair Health Specialist"},"content":{"rendered":"<div class=\"row\">\n<div class=\"col-12 col-md-4\">\n<p>Meral \u00d6ZDEN has 19 years of experience in managerial positions within Public Relations and the Service industry. In 2021, she joined the Akademi Hair Therapy family, where she gained practical case experience through in-house theoretical and hands-on training in the field of Hair Health. During this time, she has continuously updated her expertise by keeping up with industry innovations and trends.<\/p>\n<p>Currently, she works as a &#8220;Hair Health Specialist&#8221; at the Akademi Hair Therapy Cadde branch, alongside Trichologists Evrim Bayraktar and Burcu \u00c7ay\u00f6z\u00fc, providing Trichological Analysis and Consultancy services. <\/p>\n<\/div>\n<div class=\"col-12 col-md-4\">\n<p>Meral \u00d6ZDEN is recognized as a trusted expert at Akademi Hair Therapy for her strong communication skills, solution-oriented approach, and customer satisfaction-focused service.<\/p>\n<p>Other certificates and trainings she received: Leadership of Management 2017, We Do It To Win 2014, Sales Techniques Corporate Merchandising, Personnel Training &#038; Management, Customer Relations Management.\n<\/p><\/div>\n<div class=\"col-12 col-md-4\"><img decoding=\"async\" class=\"img-fluid\" src=\"https:\/\/www.akademisacterapi.com\/wp-content\/uploads\/meral_ozden.jpg\" alt=\"Meral \u00d6zden\" \/><\/div>\n<\/div>\n","protected":false},"excerpt":{"rendered":"<p>Meral \u00d6ZDEN has 19 years of experience in managerial positions within Public Relations and the Service industry. In 2021, she joined the Akademi Hair Therapy family, where she gained practical case experience through in-house theoretical and hands-on training in the field of Hair Health. During this time, she has continuously updated her expertise by keeping [&hellip;]<\/p>\n","protected":false},"author":1,"featured_media":16860,"parent":16755,"menu_order":0,"comment_status":"closed","ping_status":"closed","template":"template-tabbed.php","meta":{"footnotes":""},"class_list":["post-16863","page","type-page","status-publish","has-post-thumbnail","hentry"],"yoast_head":"<!-- This site is optimized with the Yoast SEO plugin v27.0 - https:\/\/yoast.com\/product\/yoast-seo-wordpress\/ -->\n<title>Meral \u00d6zden, Hair Health Specialist - Akademi Sa\u00e7 Terapi<\/title>\n<meta name=\"robots\" content=\"index, follow, max-snippet:-1, max-image-preview:large, max-video-preview:-1\" \/>\n<link rel=\"canonical\" href=\"https:\/\/www.akademisacterapi.com\/en\/corporate\/our-team\/meral-ozden\/\" \/>\n<meta property=\"og:locale\" content=\"en_US\" \/>\n<meta property=\"og:type\" content=\"article\" \/>\n<meta property=\"og:title\" content=\"Meral \u00d6zden, Hair Health Specialist - Akademi Sa\u00e7 Terapi\" \/>\n<meta property=\"og:description\" content=\"Meral \u00d6ZDEN has 19 years of experience in managerial positions within Public Relations and the Service industry. In 2021, she joined the Akademi Hair Therapy family, where she gained practical case experience through in-house theoretical and hands-on training in the field of Hair Health. During this time, she has continuously updated her expertise by keeping [&hellip;]\" \/>\n<meta property=\"og:url\" content=\"https:\/\/www.akademisacterapi.com\/en\/corporate\/our-team\/meral-ozden\/\" \/>\n<meta property=\"og:site_name\" content=\"Akademi Sa\u00e7 Terapi\" \/>\n<meta property=\"article:publisher\" content=\"https:\/\/www.facebook.com\/akademisacterapi\" \/>\n<meta property=\"article:modified_time\" content=\"2025-03-17T13:39:24+00:00\" \/>\n<meta property=\"og:image\" content=\"https:\/\/www.akademisacterapi.com\/wp-content\/uploads\/meral_ozden.jpg\" \/>\n\t<meta property=\"og:image:width\" content=\"768\" \/>\n\t<meta property=\"og:image:height\" content=\"580\" \/>\n\t<meta property=\"og:image:type\" content=\"image\/jpeg\" \/>\n<meta name=\"twitter:card\" content=\"summary_large_image\" \/>\n<meta name=\"twitter:site\" content=\"@akademisac\" \/>\n<meta name=\"twitter:label1\" content=\"Est. reading time\" \/>\n\t<meta name=\"twitter:data1\" content=\"2 minutes\" \/>\n<script type=\"application\/ld+json\" class=\"yoast-schema-graph\">{\"@context\":\"https:\/\/schema.org\",\"@graph\":[{\"@type\":\"WebPage\",\"@id\":\"https:\/\/www.akademisacterapi.com\/en\/corporate\/our-team\/meral-ozden\/\",\"url\":\"https:\/\/www.akademisacterapi.com\/en\/corporate\/our-team\/meral-ozden\/\",\"name\":\"Meral \u00d6zden, Hair Health Specialist - Akademi Sa\u00e7 Terapi\",\"isPartOf\":{\"@id\":\"https:\/\/www.akademisacterapi.com\/en\/#website\"},\"primaryImageOfPage\":{\"@id\":\"https:\/\/www.akademisacterapi.com\/en\/corporate\/our-team\/meral-ozden\/#primaryimage\"},\"image\":{\"@id\":\"https:\/\/www.akademisacterapi.com\/en\/corporate\/our-team\/meral-ozden\/#primaryimage\"},\"thumbnailUrl\":\"https:\/\/www.akademisacterapi.com\/wp-content\/uploads\/meral_ozden.jpg\",\"datePublished\":\"2025-03-17T13:28:31+00:00\",\"dateModified\":\"2025-03-17T13:39:24+00:00\",\"breadcrumb\":{\"@id\":\"https:\/\/www.akademisacterapi.com\/en\/corporate\/our-team\/meral-ozden\/#breadcrumb\"},\"inLanguage\":\"en-US\",\"potentialAction\":[{\"@type\":\"ReadAction\",\"target\":[\"https:\/\/www.akademisacterapi.com\/en\/corporate\/our-team\/meral-ozden\/\"]}]},{\"@type\":\"ImageObject\",\"inLanguage\":\"en-US\",\"@id\":\"https:\/\/www.akademisacterapi.com\/en\/corporate\/our-team\/meral-ozden\/#primaryimage\",\"url\":\"https:\/\/www.akademisacterapi.com\/wp-content\/uploads\/meral_ozden.jpg\",\"contentUrl\":\"https:\/\/www.akademisacterapi.com\/wp-content\/uploads\/meral_ozden.jpg\",\"width\":768,\"height\":580},{\"@type\":\"BreadcrumbList\",\"@id\":\"https:\/\/www.akademisacterapi.com\/en\/corporate\/our-team\/meral-ozden\/#breadcrumb\",\"itemListElement\":[{\"@type\":\"ListItem\",\"position\":1,\"name\":\"Ana Sayfa\",\"item\":\"https:\/\/www.akademisacterapi.com\/en\/homepage\/\"},{\"@type\":\"ListItem\",\"position\":2,\"name\":\"Corporate\",\"item\":\"https:\/\/www.akademisacterapi.com\/en\/corporate\/\"},{\"@type\":\"ListItem\",\"position\":3,\"name\":\"Our Team\",\"item\":\"https:\/\/www.akademisacterapi.com\/en\/corporate\/our-team\/\"},{\"@type\":\"ListItem\",\"position\":4,\"name\":\"Meral \u00d6zden, Hair Health Specialist\"}]},{\"@type\":\"WebSite\",\"@id\":\"https:\/\/www.akademisacterapi.com\/en\/#website\",\"url\":\"https:\/\/www.akademisacterapi.com\/en\/\",\"name\":\"Akademi Sa\u00e7 Terapi\",\"description\":\"Akademi Sa\u00e7 Terapi, sa\u00e7 sa\u011fl\u0131\u011f\u0131n\u0131 ve sa\u00e7 kalitesini iyile\u015ftirmek, sa\u00e7 kayb\u0131n\u0131 yava\u015flatmak hedefli dan\u0131\u015fmanl\u0131k ve bak\u0131m hizmeti veren bir merkezdir.\",\"publisher\":{\"@id\":\"https:\/\/www.akademisacterapi.com\/en\/#organization\"},\"potentialAction\":[{\"@type\":\"SearchAction\",\"target\":{\"@type\":\"EntryPoint\",\"urlTemplate\":\"https:\/\/www.akademisacterapi.com\/en\/?s={search_term_string}\"},\"query-input\":{\"@type\":\"PropertyValueSpecification\",\"valueRequired\":true,\"valueName\":\"search_term_string\"}}],\"inLanguage\":\"en-US\"},{\"@type\":\"Organization\",\"@id\":\"https:\/\/www.akademisacterapi.com\/en\/#organization\",\"name\":\"Akademi Sa\u00e7 Terapi\",\"url\":\"https:\/\/www.akademisacterapi.com\/en\/\",\"logo\":{\"@type\":\"ImageObject\",\"inLanguage\":\"en-US\",\"@id\":\"https:\/\/www.akademisacterapi.com\/en\/#\/schema\/logo\/image\/\",\"url\":\"https:\/\/www.akademisacterapi.com\/wp-content\/uploads\/ast_icon.png\",\"contentUrl\":\"https:\/\/www.akademisacterapi.com\/wp-content\/uploads\/ast_icon.png\",\"width\":250,\"height\":250,\"caption\":\"Akademi Sa\u00e7 Terapi\"},\"image\":{\"@id\":\"https:\/\/www.akademisacterapi.com\/en\/#\/schema\/logo\/image\/\"},\"sameAs\":[\"https:\/\/www.facebook.com\/akademisacterapi\",\"https:\/\/x.com\/akademisac\",\"https:\/\/www.instagram.com\/akademisacterapi\",\"https:\/\/www.youtube.com\/channel\/UCEw4x0vhD7MfpVV5DwgbUBw\"]}]}<\/script>\n<!-- \/ Yoast SEO plugin. -->","yoast_head_json":{"title":"Meral \u00d6zden, Hair Health Specialist - Akademi Sa\u00e7 Terapi","robots":{"index":"index","follow":"follow","max-snippet":"max-snippet:-1","max-image-preview":"max-image-preview:large","max-video-preview":"max-video-preview:-1"},"canonical":"https:\/\/www.akademisacterapi.com\/en\/corporate\/our-team\/meral-ozden\/","og_locale":"en_US","og_type":"article","og_title":"Meral \u00d6zden, Hair Health Specialist - Akademi Sa\u00e7 Terapi","og_description":"Meral \u00d6ZDEN has 19 years of experience in managerial positions within Public Relations and the Service industry. In 2021, she joined the Akademi Hair Therapy family, where she gained practical case experience through in-house theoretical and hands-on training in the field of Hair Health. During this time, she has continuously updated her expertise by keeping [&hellip;]","og_url":"https:\/\/www.akademisacterapi.com\/en\/corporate\/our-team\/meral-ozden\/","og_site_name":"Akademi Sa\u00e7 Terapi","article_publisher":"https:\/\/www.facebook.com\/akademisacterapi","article_modified_time":"2025-03-17T13:39:24+00:00","og_image":[{"width":768,"height":580,"url":"https:\/\/www.akademisacterapi.com\/wp-content\/uploads\/meral_ozden.jpg","type":"image\/jpeg"}],"twitter_card":"summary_large_image","twitter_site":"@akademisac","twitter_misc":{"Est. reading time":"2 minutes"},"schema":{"@context":"https:\/\/schema.org","@graph":[{"@type":"WebPage","@id":"https:\/\/www.akademisacterapi.com\/en\/corporate\/our-team\/meral-ozden\/","url":"https:\/\/www.akademisacterapi.com\/en\/corporate\/our-team\/meral-ozden\/","name":"Meral \u00d6zden, Hair Health Specialist - Akademi Sa\u00e7 Terapi","isPartOf":{"@id":"https:\/\/www.akademisacterapi.com\/en\/#website"},"primaryImageOfPage":{"@id":"https:\/\/www.akademisacterapi.com\/en\/corporate\/our-team\/meral-ozden\/#primaryimage"},"image":{"@id":"https:\/\/www.akademisacterapi.com\/en\/corporate\/our-team\/meral-ozden\/#primaryimage"},"thumbnailUrl":"https:\/\/www.akademisacterapi.com\/wp-content\/uploads\/meral_ozden.jpg","datePublished":"2025-03-17T13:28:31+00:00","dateModified":"2025-03-17T13:39:24+00:00","breadcrumb":{"@id":"https:\/\/www.akademisacterapi.com\/en\/corporate\/our-team\/meral-ozden\/#breadcrumb"},"inLanguage":"en-US","potentialAction":[{"@type":"ReadAction","target":["https:\/\/www.akademisacterapi.com\/en\/corporate\/our-team\/meral-ozden\/"]}]},{"@type":"ImageObject","inLanguage":"en-US","@id":"https:\/\/www.akademisacterapi.com\/en\/corporate\/our-team\/meral-ozden\/#primaryimage","url":"https:\/\/www.akademisacterapi.com\/wp-content\/uploads\/meral_ozden.jpg","contentUrl":"https:\/\/www.akademisacterapi.com\/wp-content\/uploads\/meral_ozden.jpg","width":768,"height":580},{"@type":"BreadcrumbList","@id":"https:\/\/www.akademisacterapi.com\/en\/corporate\/our-team\/meral-ozden\/#breadcrumb","itemListElement":[{"@type":"ListItem","position":1,"name":"Ana Sayfa","item":"https:\/\/www.akademisacterapi.com\/en\/homepage\/"},{"@type":"ListItem","position":2,"name":"Corporate","item":"https:\/\/www.akademisacterapi.com\/en\/corporate\/"},{"@type":"ListItem","position":3,"name":"Our Team","item":"https:\/\/www.akademisacterapi.com\/en\/corporate\/our-team\/"},{"@type":"ListItem","position":4,"name":"Meral \u00d6zden, Hair Health Specialist"}]},{"@type":"WebSite","@id":"https:\/\/www.akademisacterapi.com\/en\/#website","url":"https:\/\/www.akademisacterapi.com\/en\/","name":"Akademi Sa\u00e7 Terapi","description":"Akademi Sa\u00e7 Terapi, sa\u00e7 sa\u011fl\u0131\u011f\u0131n\u0131 ve sa\u00e7 kalitesini iyile\u015ftirmek, sa\u00e7 kayb\u0131n\u0131 yava\u015flatmak hedefli dan\u0131\u015fmanl\u0131k ve bak\u0131m hizmeti veren bir merkezdir.","publisher":{"@id":"https:\/\/www.akademisacterapi.com\/en\/#organization"},"potentialAction":[{"@type":"SearchAction","target":{"@type":"EntryPoint","urlTemplate":"https:\/\/www.akademisacterapi.com\/en\/?s={search_term_string}"},"query-input":{"@type":"PropertyValueSpecification","valueRequired":true,"valueName":"search_term_string"}}],"inLanguage":"en-US"},{"@type":"Organization","@id":"https:\/\/www.akademisacterapi.com\/en\/#organization","name":"Akademi Sa\u00e7 Terapi","url":"https:\/\/www.akademisacterapi.com\/en\/","logo":{"@type":"ImageObject","inLanguage":"en-US","@id":"https:\/\/www.akademisacterapi.com\/en\/#\/schema\/logo\/image\/","url":"https:\/\/www.akademisacterapi.com\/wp-content\/uploads\/ast_icon.png","contentUrl":"https:\/\/www.akademisacterapi.com\/wp-content\/uploads\/ast_icon.png","width":250,"height":250,"caption":"Akademi Sa\u00e7 Terapi"},"image":{"@id":"https:\/\/www.akademisacterapi.com\/en\/#\/schema\/logo\/image\/"},"sameAs":["https:\/\/www.facebook.com\/akademisacterapi","https:\/\/x.com\/akademisac","https:\/\/www.instagram.com\/akademisacterapi","https:\/\/www.youtube.com\/channel\/UCEw4x0vhD7MfpVV5DwgbUBw"]}]}},"_links":{"self":[{"href":"https:\/\/www.akademisacterapi.com\/en\/wp-json\/wp\/v2\/pages\/16863","targetHints":{"allow":["GET"]}}],"collection":[{"href":"https:\/\/www.akademisacterapi.com\/en\/wp-json\/wp\/v2\/pages"}],"about":[{"href":"https:\/\/www.akademisacterapi.com\/en\/wp-json\/wp\/v2\/types\/page"}],"author":[{"embeddable":true,"href":"https:\/\/www.akademisacterapi.com\/en\/wp-json\/wp\/v2\/users\/1"}],"replies":[{"embeddable":true,"href":"https:\/\/www.akademisacterapi.com\/en\/wp-json\/wp\/v2\/comments?post=16863"}],"version-history":[{"count":0,"href":"https:\/\/www.akademisacterapi.com\/en\/wp-json\/wp\/v2\/pages\/16863\/revisions"}],"up":[{"embeddable":true,"href":"https:\/\/www.akademisacterapi.com\/en\/wp-json\/wp\/v2\/pages\/16755"}],"wp:featuredmedia":[{"embeddable":true,"href":"https:\/\/www.akademisacterapi.com\/en\/wp-json\/wp\/v2\/media\/16860"}],"wp:attachment":[{"href":"https:\/\/www.akademisacterapi.com\/en\/wp-json\/wp\/v2\/media?parent=16863"}],"curies":[{"name":"wp","href":"https:\/\/api.w.org\/{rel}","templated":true}]}}