{"id":16795,"date":"2017-03-02T11:56:54","date_gmt":"2017-03-02T08:56:54","guid":{"rendered":"https:\/\/www.akademisacterapi.com\/products\/urun-uygulamalari\/"},"modified":"2025-03-25T13:19:50","modified_gmt":"2025-03-25T10:19:50","slug":"treatment-applications","status":"publish","type":"page","link":"https:\/\/www.akademisacterapi.com\/en\/products\/treatment-applications\/","title":{"rendered":"Treatment Applications"},"content":{"rendered":"<h2> At Academy Hair Therapy, personalized treatments last 30-45 minutes, include therapeutic sessions with a scalp and neck massage and are applied by specially trained therapists. <\/h2>\n<div class=\"row\">\n<div class=\"col-12 col-md-4\">\n<p> The Trichological Lotions, designed with nano-technology for better absorption, are also effective for home use..<\/p>\n<p><strong>How to use at home:<\/strong><\/p>\n<p> Home use is easy and convenients. The lotions are packaged in\u00a0<strong>5 ml and 7 ml flacon glass bottles,<\/strong> with\u00a0<strong>10 applications<\/strong>\u00a0per set. For optimal results, it is recommended to use the lotions minimum 2 times per week, unless advised otherwise. <\/p>\n<p> User Instructions:<\/p>\n<li>Apply the product to clean or recently washed hair.  Scalp is more permeable when washed.<\/li>\n<li>Gently towel-dry or lightly dry the wet scalp with a hairdryer.<\/li>\n<li>Open the flacon bottle at the marked spot, if needs breaking use a cloth or towel.<\/li>\n<li>Part the hair in 1-2 cm intervals with a comb.<\/li><\/div>\n<div class=\"col-12 col-md-4\">\n<li>Draw a small amount of lotion into the dropper and apply directly to the scalp in the target area.<\/li>\n<li>To prevent dripping, gently massage the lotion into the scalp with your hands.<\/li>\n<li>Apply the lotion to the entire scalp or to the targeted areas.<\/li>\n<li>After the application ligtly massage the scalp for 3-5 minutes.<\/li>\n<li>The product should be left on the scalp for 6-8 hours.<\/li>\n<p> After application, the hair can be lightly dried. Alternatively, wrapping the hair with a warm towel for 10 minutes is also an option. <\/p>\n<p> It is recommended to apply the lotions in the evening; however, if using it in the morning more convenient, the product may be left on throughout the day. Before swimming in a pool or the sea, leave the product on for at least 2 hours. The product should not be rinsed out. If used several times a week, leave a 1-2 days gap between applications. <\/p>\n<\/p><\/div>\n<div class=\"col-12 col-md-4\">\n        <img decoding=\"async\" class=\"img-fluid\" src=\"https:\/\/www.akademisacterapi.com\/wp-content\/uploads\/urunuygulamalari.jpg\" alt=\"\" \/>\n    <\/div>\n<\/div>\n","protected":false},"excerpt":{"rendered":"<p>At Academy Hair Therapy, personalized treatments last 30-45 minutes, include therapeutic sessions with a scalp and neck massage and are applied by specially trained therapists. The Trichological Lotions, designed with nano-technology for better absorption, are also effective for home use.. How to use at home: Home use is easy and convenients. The lotions are packaged [&hellip;]<\/p>\n","protected":false},"author":1,"featured_media":16796,"parent":16790,"menu_order":2,"comment_status":"closed","ping_status":"closed","template":"template-tabbed.php","meta":{"footnotes":""},"class_list":["post-16795","page","type-page","status-publish","has-post-thumbnail","hentry"],"yoast_head":"<!-- This site is optimized with the Yoast SEO plugin v27.0 - https:\/\/yoast.com\/product\/yoast-seo-wordpress\/ -->\n<title>Treatment Applications - Akademi Sa\u00e7 Terapi<\/title>\n<meta name=\"robots\" content=\"index, follow, max-snippet:-1, max-image-preview:large, max-video-preview:-1\" \/>\n<link rel=\"canonical\" href=\"https:\/\/www.akademisacterapi.com\/en\/products\/treatment-applications\/\" \/>\n<meta property=\"og:locale\" content=\"en_US\" \/>\n<meta property=\"og:type\" content=\"article\" \/>\n<meta property=\"og:title\" content=\"Treatment Applications - Akademi Sa\u00e7 Terapi\" \/>\n<meta property=\"og:description\" content=\"At Academy Hair Therapy, personalized treatments last 30-45 minutes, include therapeutic sessions with a scalp and neck massage and are applied by specially trained therapists. The Trichological Lotions, designed with nano-technology for better absorption, are also effective for home use.. How to use at home: Home use is easy and convenients. The lotions are packaged [&hellip;]\" \/>\n<meta property=\"og:url\" content=\"https:\/\/www.akademisacterapi.com\/en\/products\/treatment-applications\/\" \/>\n<meta property=\"og:site_name\" content=\"Akademi Sa\u00e7 Terapi\" \/>\n<meta property=\"article:publisher\" content=\"https:\/\/www.facebook.com\/akademisacterapi\" \/>\n<meta property=\"article:modified_time\" content=\"2025-03-25T10:19:50+00:00\" \/>\n<meta property=\"og:image\" content=\"https:\/\/www.akademisacterapi.com\/wp-content\/uploads\/urunuygulamalari.jpg\" \/>\n\t<meta property=\"og:image:width\" content=\"768\" \/>\n\t<meta property=\"og:image:height\" content=\"580\" \/>\n\t<meta property=\"og:image:type\" content=\"image\/jpeg\" \/>\n<meta name=\"twitter:card\" content=\"summary_large_image\" \/>\n<meta name=\"twitter:site\" content=\"@akademisac\" \/>\n<meta name=\"twitter:label1\" content=\"Est. reading time\" \/>\n\t<meta name=\"twitter:data1\" content=\"3 minutes\" \/>\n<script type=\"application\/ld+json\" class=\"yoast-schema-graph\">{\"@context\":\"https:\/\/schema.org\",\"@graph\":[{\"@type\":\"WebPage\",\"@id\":\"https:\/\/www.akademisacterapi.com\/en\/products\/treatment-applications\/\",\"url\":\"https:\/\/www.akademisacterapi.com\/en\/products\/treatment-applications\/\",\"name\":\"Treatment Applications - Akademi Sa\u00e7 Terapi\",\"isPartOf\":{\"@id\":\"https:\/\/www.akademisacterapi.com\/en\/#website\"},\"primaryImageOfPage\":{\"@id\":\"https:\/\/www.akademisacterapi.com\/en\/products\/treatment-applications\/#primaryimage\"},\"image\":{\"@id\":\"https:\/\/www.akademisacterapi.com\/en\/products\/treatment-applications\/#primaryimage\"},\"thumbnailUrl\":\"https:\/\/www.akademisacterapi.com\/wp-content\/uploads\/urunuygulamalari.jpg\",\"datePublished\":\"2017-03-02T08:56:54+00:00\",\"dateModified\":\"2025-03-25T10:19:50+00:00\",\"breadcrumb\":{\"@id\":\"https:\/\/www.akademisacterapi.com\/en\/products\/treatment-applications\/#breadcrumb\"},\"inLanguage\":\"en-US\",\"potentialAction\":[{\"@type\":\"ReadAction\",\"target\":[\"https:\/\/www.akademisacterapi.com\/en\/products\/treatment-applications\/\"]}]},{\"@type\":\"ImageObject\",\"inLanguage\":\"en-US\",\"@id\":\"https:\/\/www.akademisacterapi.com\/en\/products\/treatment-applications\/#primaryimage\",\"url\":\"https:\/\/www.akademisacterapi.com\/wp-content\/uploads\/urunuygulamalari.jpg\",\"contentUrl\":\"https:\/\/www.akademisacterapi.com\/wp-content\/uploads\/urunuygulamalari.jpg\",\"width\":768,\"height\":580},{\"@type\":\"BreadcrumbList\",\"@id\":\"https:\/\/www.akademisacterapi.com\/en\/products\/treatment-applications\/#breadcrumb\",\"itemListElement\":[{\"@type\":\"ListItem\",\"position\":1,\"name\":\"Ana Sayfa\",\"item\":\"https:\/\/www.akademisacterapi.com\/en\/homepage\/\"},{\"@type\":\"ListItem\",\"position\":2,\"name\":\"Products\",\"item\":\"https:\/\/www.akademisacterapi.com\/en\/products\/\"},{\"@type\":\"ListItem\",\"position\":3,\"name\":\"Treatment Applications\"}]},{\"@type\":\"WebSite\",\"@id\":\"https:\/\/www.akademisacterapi.com\/en\/#website\",\"url\":\"https:\/\/www.akademisacterapi.com\/en\/\",\"name\":\"Akademi Sa\u00e7 Terapi\",\"description\":\"Akademi Sa\u00e7 Terapi, sa\u00e7 sa\u011fl\u0131\u011f\u0131n\u0131 ve sa\u00e7 kalitesini iyile\u015ftirmek, sa\u00e7 kayb\u0131n\u0131 yava\u015flatmak hedefli dan\u0131\u015fmanl\u0131k ve bak\u0131m hizmeti veren bir merkezdir.\",\"publisher\":{\"@id\":\"https:\/\/www.akademisacterapi.com\/en\/#organization\"},\"potentialAction\":[{\"@type\":\"SearchAction\",\"target\":{\"@type\":\"EntryPoint\",\"urlTemplate\":\"https:\/\/www.akademisacterapi.com\/en\/?s={search_term_string}\"},\"query-input\":{\"@type\":\"PropertyValueSpecification\",\"valueRequired\":true,\"valueName\":\"search_term_string\"}}],\"inLanguage\":\"en-US\"},{\"@type\":\"Organization\",\"@id\":\"https:\/\/www.akademisacterapi.com\/en\/#organization\",\"name\":\"Akademi Sa\u00e7 Terapi\",\"url\":\"https:\/\/www.akademisacterapi.com\/en\/\",\"logo\":{\"@type\":\"ImageObject\",\"inLanguage\":\"en-US\",\"@id\":\"https:\/\/www.akademisacterapi.com\/en\/#\/schema\/logo\/image\/\",\"url\":\"https:\/\/www.akademisacterapi.com\/wp-content\/uploads\/ast_icon.png\",\"contentUrl\":\"https:\/\/www.akademisacterapi.com\/wp-content\/uploads\/ast_icon.png\",\"width\":250,\"height\":250,\"caption\":\"Akademi Sa\u00e7 Terapi\"},\"image\":{\"@id\":\"https:\/\/www.akademisacterapi.com\/en\/#\/schema\/logo\/image\/\"},\"sameAs\":[\"https:\/\/www.facebook.com\/akademisacterapi\",\"https:\/\/x.com\/akademisac\",\"https:\/\/www.instagram.com\/akademisacterapi\",\"https:\/\/www.youtube.com\/channel\/UCEw4x0vhD7MfpVV5DwgbUBw\"]}]}<\/script>\n<!-- \/ Yoast SEO plugin. -->","yoast_head_json":{"title":"Treatment Applications - Akademi Sa\u00e7 Terapi","robots":{"index":"index","follow":"follow","max-snippet":"max-snippet:-1","max-image-preview":"max-image-preview:large","max-video-preview":"max-video-preview:-1"},"canonical":"https:\/\/www.akademisacterapi.com\/en\/products\/treatment-applications\/","og_locale":"en_US","og_type":"article","og_title":"Treatment Applications - Akademi Sa\u00e7 Terapi","og_description":"At Academy Hair Therapy, personalized treatments last 30-45 minutes, include therapeutic sessions with a scalp and neck massage and are applied by specially trained therapists. The Trichological Lotions, designed with nano-technology for better absorption, are also effective for home use.. How to use at home: Home use is easy and convenients. The lotions are packaged [&hellip;]","og_url":"https:\/\/www.akademisacterapi.com\/en\/products\/treatment-applications\/","og_site_name":"Akademi Sa\u00e7 Terapi","article_publisher":"https:\/\/www.facebook.com\/akademisacterapi","article_modified_time":"2025-03-25T10:19:50+00:00","og_image":[{"width":768,"height":580,"url":"https:\/\/www.akademisacterapi.com\/wp-content\/uploads\/urunuygulamalari.jpg","type":"image\/jpeg"}],"twitter_card":"summary_large_image","twitter_site":"@akademisac","twitter_misc":{"Est. reading time":"3 minutes"},"schema":{"@context":"https:\/\/schema.org","@graph":[{"@type":"WebPage","@id":"https:\/\/www.akademisacterapi.com\/en\/products\/treatment-applications\/","url":"https:\/\/www.akademisacterapi.com\/en\/products\/treatment-applications\/","name":"Treatment Applications - Akademi Sa\u00e7 Terapi","isPartOf":{"@id":"https:\/\/www.akademisacterapi.com\/en\/#website"},"primaryImageOfPage":{"@id":"https:\/\/www.akademisacterapi.com\/en\/products\/treatment-applications\/#primaryimage"},"image":{"@id":"https:\/\/www.akademisacterapi.com\/en\/products\/treatment-applications\/#primaryimage"},"thumbnailUrl":"https:\/\/www.akademisacterapi.com\/wp-content\/uploads\/urunuygulamalari.jpg","datePublished":"2017-03-02T08:56:54+00:00","dateModified":"2025-03-25T10:19:50+00:00","breadcrumb":{"@id":"https:\/\/www.akademisacterapi.com\/en\/products\/treatment-applications\/#breadcrumb"},"inLanguage":"en-US","potentialAction":[{"@type":"ReadAction","target":["https:\/\/www.akademisacterapi.com\/en\/products\/treatment-applications\/"]}]},{"@type":"ImageObject","inLanguage":"en-US","@id":"https:\/\/www.akademisacterapi.com\/en\/products\/treatment-applications\/#primaryimage","url":"https:\/\/www.akademisacterapi.com\/wp-content\/uploads\/urunuygulamalari.jpg","contentUrl":"https:\/\/www.akademisacterapi.com\/wp-content\/uploads\/urunuygulamalari.jpg","width":768,"height":580},{"@type":"BreadcrumbList","@id":"https:\/\/www.akademisacterapi.com\/en\/products\/treatment-applications\/#breadcrumb","itemListElement":[{"@type":"ListItem","position":1,"name":"Ana Sayfa","item":"https:\/\/www.akademisacterapi.com\/en\/homepage\/"},{"@type":"ListItem","position":2,"name":"Products","item":"https:\/\/www.akademisacterapi.com\/en\/products\/"},{"@type":"ListItem","position":3,"name":"Treatment Applications"}]},{"@type":"WebSite","@id":"https:\/\/www.akademisacterapi.com\/en\/#website","url":"https:\/\/www.akademisacterapi.com\/en\/","name":"Akademi Sa\u00e7 Terapi","description":"Akademi Sa\u00e7 Terapi, sa\u00e7 sa\u011fl\u0131\u011f\u0131n\u0131 ve sa\u00e7 kalitesini iyile\u015ftirmek, sa\u00e7 kayb\u0131n\u0131 yava\u015flatmak hedefli dan\u0131\u015fmanl\u0131k ve bak\u0131m hizmeti veren bir merkezdir.","publisher":{"@id":"https:\/\/www.akademisacterapi.com\/en\/#organization"},"potentialAction":[{"@type":"SearchAction","target":{"@type":"EntryPoint","urlTemplate":"https:\/\/www.akademisacterapi.com\/en\/?s={search_term_string}"},"query-input":{"@type":"PropertyValueSpecification","valueRequired":true,"valueName":"search_term_string"}}],"inLanguage":"en-US"},{"@type":"Organization","@id":"https:\/\/www.akademisacterapi.com\/en\/#organization","name":"Akademi Sa\u00e7 Terapi","url":"https:\/\/www.akademisacterapi.com\/en\/","logo":{"@type":"ImageObject","inLanguage":"en-US","@id":"https:\/\/www.akademisacterapi.com\/en\/#\/schema\/logo\/image\/","url":"https:\/\/www.akademisacterapi.com\/wp-content\/uploads\/ast_icon.png","contentUrl":"https:\/\/www.akademisacterapi.com\/wp-content\/uploads\/ast_icon.png","width":250,"height":250,"caption":"Akademi Sa\u00e7 Terapi"},"image":{"@id":"https:\/\/www.akademisacterapi.com\/en\/#\/schema\/logo\/image\/"},"sameAs":["https:\/\/www.facebook.com\/akademisacterapi","https:\/\/x.com\/akademisac","https:\/\/www.instagram.com\/akademisacterapi","https:\/\/www.youtube.com\/channel\/UCEw4x0vhD7MfpVV5DwgbUBw"]}]}},"_links":{"self":[{"href":"https:\/\/www.akademisacterapi.com\/en\/wp-json\/wp\/v2\/pages\/16795","targetHints":{"allow":["GET"]}}],"collection":[{"href":"https:\/\/www.akademisacterapi.com\/en\/wp-json\/wp\/v2\/pages"}],"about":[{"href":"https:\/\/www.akademisacterapi.com\/en\/wp-json\/wp\/v2\/types\/page"}],"author":[{"embeddable":true,"href":"https:\/\/www.akademisacterapi.com\/en\/wp-json\/wp\/v2\/users\/1"}],"replies":[{"embeddable":true,"href":"https:\/\/www.akademisacterapi.com\/en\/wp-json\/wp\/v2\/comments?post=16795"}],"version-history":[{"count":0,"href":"https:\/\/www.akademisacterapi.com\/en\/wp-json\/wp\/v2\/pages\/16795\/revisions"}],"up":[{"embeddable":true,"href":"https:\/\/www.akademisacterapi.com\/en\/wp-json\/wp\/v2\/pages\/16790"}],"wp:featuredmedia":[{"embeddable":true,"href":"https:\/\/www.akademisacterapi.com\/en\/wp-json\/wp\/v2\/media\/16796"}],"wp:attachment":[{"href":"https:\/\/www.akademisacterapi.com\/en\/wp-json\/wp\/v2\/media?parent=16795"}],"curies":[{"name":"wp","href":"https:\/\/api.w.org\/{rel}","templated":true}]}}