{"id":16792,"date":"2017-03-02T11:56:34","date_gmt":"2017-03-02T08:56:34","guid":{"rendered":"https:\/\/www.akademisacterapi.com\/products\/urun-icerikleri\/"},"modified":"2025-03-25T13:17:09","modified_gmt":"2025-03-25T10:17:09","slug":"ingredients-and-features","status":"publish","type":"page","link":"https:\/\/www.akademisacterapi.com\/en\/products\/ingredients-and-features\/","title":{"rendered":"Ingredients and Features"},"content":{"rendered":"<h2> At Academy Hair Therapy, our Trichological Lotions are regularly updated with advanced technologies and ingredients, offering personalized solutions for hair issues.<\/h2>\n<div class=\"row\">\n<div class=\"col-12 col-md-4\">\n<p>Many treatments are produced in licensed UK laboratories, while we also feature innovative South Korean formulations with growth factors and exosome-based regeneration ingredients, revolutionizing skin health and care.<\/p>\n<p> Our product range is designed for long-lasting hair results, featuring organic herbal extracts, vitamins, minerals, and follicle-stimulating components. They are free from side effects and dependency, with all active ingredients meeting cosmetic standards. None of our formulations contain minoxidil, and do not cause reactive hair loss when starting or stopping use. <\/p>\n<p> Topical formulations, enhanced with nano-technology for better absorption, effectively reach hair roots without the need for needles or pain, when applied with therapeutic massages and tools.  <\/p>\n<\/p><\/div>\n<div class=\"col-12 col-md-4\">\n<p> Hair problems are unique to each individual, and there is no one-size-fits-all solution. At Academy Hair Therapy, we offer a wide range of personalized treatments, including single or combined lotion sets, tailored to your specific needs.  <\/p>\n<p> After a Trichological Hair Analysis, our experts recommend solutions focusing on scalp health and hair growth. Sessions at centers may further be supported with Laser Light Therapy and various therapeutic applications. In addition, we provide guidance on at-home care routines, suggest changes to your hair care regimen, and offer advice on lifestyle habits that can positively support your hair health. <\/p>\n<p> Trichological support program includes shampoos, tonics, conditioners, restructuring masks, heat protection leave in conditioners,  combs, laser combs, and laser caps for at-home care. <\/p>\n<\/p><\/div>\n<div class=\"col-12 col-md-4\">\n        <img decoding=\"async\" class=\"img-fluid\" src=\"https:\/\/www.akademisacterapi.com\/wp-content\/uploads\/urun_icerikleri.jpg\" alt=\"\" \/>\n    <\/div>\n<\/div>\n","protected":false},"excerpt":{"rendered":"<p>At Academy Hair Therapy, our Trichological Lotions are regularly updated with advanced technologies and ingredients, offering personalized solutions for hair issues. Many treatments are produced in licensed UK laboratories, while we also feature innovative South Korean formulations with growth factors and exosome-based regeneration ingredients, revolutionizing skin health and care. Our product range is designed for [&hellip;]<\/p>\n","protected":false},"author":1,"featured_media":16793,"parent":16790,"menu_order":1,"comment_status":"closed","ping_status":"closed","template":"template-tabbed.php","meta":{"footnotes":""},"class_list":["post-16792","page","type-page","status-publish","has-post-thumbnail","hentry"],"yoast_head":"<!-- This site is optimized with the Yoast SEO plugin v27.0 - https:\/\/yoast.com\/product\/yoast-seo-wordpress\/ -->\n<title>Ingredients and Features - Akademi Sa\u00e7 Terapi<\/title>\n<meta name=\"robots\" content=\"index, follow, max-snippet:-1, max-image-preview:large, max-video-preview:-1\" \/>\n<link rel=\"canonical\" href=\"https:\/\/www.akademisacterapi.com\/en\/products\/ingredients-and-features\/\" \/>\n<meta property=\"og:locale\" content=\"en_US\" \/>\n<meta property=\"og:type\" content=\"article\" \/>\n<meta property=\"og:title\" content=\"Ingredients and Features - Akademi Sa\u00e7 Terapi\" \/>\n<meta property=\"og:description\" content=\"At Academy Hair Therapy, our Trichological Lotions are regularly updated with advanced technologies and ingredients, offering personalized solutions for hair issues. Many treatments are produced in licensed UK laboratories, while we also feature innovative South Korean formulations with growth factors and exosome-based regeneration ingredients, revolutionizing skin health and care. Our product range is designed for [&hellip;]\" \/>\n<meta property=\"og:url\" content=\"https:\/\/www.akademisacterapi.com\/en\/products\/ingredients-and-features\/\" \/>\n<meta property=\"og:site_name\" content=\"Akademi Sa\u00e7 Terapi\" \/>\n<meta property=\"article:publisher\" content=\"https:\/\/www.facebook.com\/akademisacterapi\" \/>\n<meta property=\"article:modified_time\" content=\"2025-03-25T10:17:09+00:00\" \/>\n<meta property=\"og:image\" content=\"https:\/\/www.akademisacterapi.com\/wp-content\/uploads\/urunlerimiz.jpg\" \/>\n\t<meta property=\"og:image:width\" content=\"768\" \/>\n\t<meta property=\"og:image:height\" content=\"580\" \/>\n\t<meta property=\"og:image:type\" content=\"image\/jpeg\" \/>\n<meta name=\"twitter:card\" content=\"summary_large_image\" \/>\n<meta name=\"twitter:site\" content=\"@akademisac\" \/>\n<meta name=\"twitter:label1\" content=\"Est. reading time\" \/>\n\t<meta name=\"twitter:data1\" content=\"2 minutes\" \/>\n<script type=\"application\/ld+json\" class=\"yoast-schema-graph\">{\"@context\":\"https:\/\/schema.org\",\"@graph\":[{\"@type\":\"WebPage\",\"@id\":\"https:\/\/www.akademisacterapi.com\/en\/products\/ingredients-and-features\/\",\"url\":\"https:\/\/www.akademisacterapi.com\/en\/products\/ingredients-and-features\/\",\"name\":\"Ingredients and Features - Akademi Sa\u00e7 Terapi\",\"isPartOf\":{\"@id\":\"https:\/\/www.akademisacterapi.com\/en\/#website\"},\"primaryImageOfPage\":{\"@id\":\"https:\/\/www.akademisacterapi.com\/en\/products\/ingredients-and-features\/#primaryimage\"},\"image\":{\"@id\":\"https:\/\/www.akademisacterapi.com\/en\/products\/ingredients-and-features\/#primaryimage\"},\"thumbnailUrl\":\"https:\/\/www.akademisacterapi.com\/wp-content\/uploads\/urunlerimiz.jpg\",\"datePublished\":\"2017-03-02T08:56:34+00:00\",\"dateModified\":\"2025-03-25T10:17:09+00:00\",\"breadcrumb\":{\"@id\":\"https:\/\/www.akademisacterapi.com\/en\/products\/ingredients-and-features\/#breadcrumb\"},\"inLanguage\":\"en-US\",\"potentialAction\":[{\"@type\":\"ReadAction\",\"target\":[\"https:\/\/www.akademisacterapi.com\/en\/products\/ingredients-and-features\/\"]}]},{\"@type\":\"ImageObject\",\"inLanguage\":\"en-US\",\"@id\":\"https:\/\/www.akademisacterapi.com\/en\/products\/ingredients-and-features\/#primaryimage\",\"url\":\"https:\/\/www.akademisacterapi.com\/wp-content\/uploads\/urunlerimiz.jpg\",\"contentUrl\":\"https:\/\/www.akademisacterapi.com\/wp-content\/uploads\/urunlerimiz.jpg\",\"width\":768,\"height\":580},{\"@type\":\"BreadcrumbList\",\"@id\":\"https:\/\/www.akademisacterapi.com\/en\/products\/ingredients-and-features\/#breadcrumb\",\"itemListElement\":[{\"@type\":\"ListItem\",\"position\":1,\"name\":\"Ana Sayfa\",\"item\":\"https:\/\/www.akademisacterapi.com\/en\/homepage\/\"},{\"@type\":\"ListItem\",\"position\":2,\"name\":\"Products\",\"item\":\"https:\/\/www.akademisacterapi.com\/en\/products\/\"},{\"@type\":\"ListItem\",\"position\":3,\"name\":\"Ingredients and Features\"}]},{\"@type\":\"WebSite\",\"@id\":\"https:\/\/www.akademisacterapi.com\/en\/#website\",\"url\":\"https:\/\/www.akademisacterapi.com\/en\/\",\"name\":\"Akademi Sa\u00e7 Terapi\",\"description\":\"Akademi Sa\u00e7 Terapi, sa\u00e7 sa\u011fl\u0131\u011f\u0131n\u0131 ve sa\u00e7 kalitesini iyile\u015ftirmek, sa\u00e7 kayb\u0131n\u0131 yava\u015flatmak hedefli dan\u0131\u015fmanl\u0131k ve bak\u0131m hizmeti veren bir merkezdir.\",\"publisher\":{\"@id\":\"https:\/\/www.akademisacterapi.com\/en\/#organization\"},\"potentialAction\":[{\"@type\":\"SearchAction\",\"target\":{\"@type\":\"EntryPoint\",\"urlTemplate\":\"https:\/\/www.akademisacterapi.com\/en\/?s={search_term_string}\"},\"query-input\":{\"@type\":\"PropertyValueSpecification\",\"valueRequired\":true,\"valueName\":\"search_term_string\"}}],\"inLanguage\":\"en-US\"},{\"@type\":\"Organization\",\"@id\":\"https:\/\/www.akademisacterapi.com\/en\/#organization\",\"name\":\"Akademi Sa\u00e7 Terapi\",\"url\":\"https:\/\/www.akademisacterapi.com\/en\/\",\"logo\":{\"@type\":\"ImageObject\",\"inLanguage\":\"en-US\",\"@id\":\"https:\/\/www.akademisacterapi.com\/en\/#\/schema\/logo\/image\/\",\"url\":\"https:\/\/www.akademisacterapi.com\/wp-content\/uploads\/ast_icon.png\",\"contentUrl\":\"https:\/\/www.akademisacterapi.com\/wp-content\/uploads\/ast_icon.png\",\"width\":250,\"height\":250,\"caption\":\"Akademi Sa\u00e7 Terapi\"},\"image\":{\"@id\":\"https:\/\/www.akademisacterapi.com\/en\/#\/schema\/logo\/image\/\"},\"sameAs\":[\"https:\/\/www.facebook.com\/akademisacterapi\",\"https:\/\/x.com\/akademisac\",\"https:\/\/www.instagram.com\/akademisacterapi\",\"https:\/\/www.youtube.com\/channel\/UCEw4x0vhD7MfpVV5DwgbUBw\"]}]}<\/script>\n<!-- \/ Yoast SEO plugin. -->","yoast_head_json":{"title":"Ingredients and Features - Akademi Sa\u00e7 Terapi","robots":{"index":"index","follow":"follow","max-snippet":"max-snippet:-1","max-image-preview":"max-image-preview:large","max-video-preview":"max-video-preview:-1"},"canonical":"https:\/\/www.akademisacterapi.com\/en\/products\/ingredients-and-features\/","og_locale":"en_US","og_type":"article","og_title":"Ingredients and Features - Akademi Sa\u00e7 Terapi","og_description":"At Academy Hair Therapy, our Trichological Lotions are regularly updated with advanced technologies and ingredients, offering personalized solutions for hair issues. Many treatments are produced in licensed UK laboratories, while we also feature innovative South Korean formulations with growth factors and exosome-based regeneration ingredients, revolutionizing skin health and care. Our product range is designed for [&hellip;]","og_url":"https:\/\/www.akademisacterapi.com\/en\/products\/ingredients-and-features\/","og_site_name":"Akademi Sa\u00e7 Terapi","article_publisher":"https:\/\/www.facebook.com\/akademisacterapi","article_modified_time":"2025-03-25T10:17:09+00:00","og_image":[{"width":768,"height":580,"url":"https:\/\/www.akademisacterapi.com\/wp-content\/uploads\/urunlerimiz.jpg","type":"image\/jpeg"}],"twitter_card":"summary_large_image","twitter_site":"@akademisac","twitter_misc":{"Est. reading time":"2 minutes"},"schema":{"@context":"https:\/\/schema.org","@graph":[{"@type":"WebPage","@id":"https:\/\/www.akademisacterapi.com\/en\/products\/ingredients-and-features\/","url":"https:\/\/www.akademisacterapi.com\/en\/products\/ingredients-and-features\/","name":"Ingredients and Features - Akademi Sa\u00e7 Terapi","isPartOf":{"@id":"https:\/\/www.akademisacterapi.com\/en\/#website"},"primaryImageOfPage":{"@id":"https:\/\/www.akademisacterapi.com\/en\/products\/ingredients-and-features\/#primaryimage"},"image":{"@id":"https:\/\/www.akademisacterapi.com\/en\/products\/ingredients-and-features\/#primaryimage"},"thumbnailUrl":"https:\/\/www.akademisacterapi.com\/wp-content\/uploads\/urunlerimiz.jpg","datePublished":"2017-03-02T08:56:34+00:00","dateModified":"2025-03-25T10:17:09+00:00","breadcrumb":{"@id":"https:\/\/www.akademisacterapi.com\/en\/products\/ingredients-and-features\/#breadcrumb"},"inLanguage":"en-US","potentialAction":[{"@type":"ReadAction","target":["https:\/\/www.akademisacterapi.com\/en\/products\/ingredients-and-features\/"]}]},{"@type":"ImageObject","inLanguage":"en-US","@id":"https:\/\/www.akademisacterapi.com\/en\/products\/ingredients-and-features\/#primaryimage","url":"https:\/\/www.akademisacterapi.com\/wp-content\/uploads\/urunlerimiz.jpg","contentUrl":"https:\/\/www.akademisacterapi.com\/wp-content\/uploads\/urunlerimiz.jpg","width":768,"height":580},{"@type":"BreadcrumbList","@id":"https:\/\/www.akademisacterapi.com\/en\/products\/ingredients-and-features\/#breadcrumb","itemListElement":[{"@type":"ListItem","position":1,"name":"Ana Sayfa","item":"https:\/\/www.akademisacterapi.com\/en\/homepage\/"},{"@type":"ListItem","position":2,"name":"Products","item":"https:\/\/www.akademisacterapi.com\/en\/products\/"},{"@type":"ListItem","position":3,"name":"Ingredients and Features"}]},{"@type":"WebSite","@id":"https:\/\/www.akademisacterapi.com\/en\/#website","url":"https:\/\/www.akademisacterapi.com\/en\/","name":"Akademi Sa\u00e7 Terapi","description":"Akademi Sa\u00e7 Terapi, sa\u00e7 sa\u011fl\u0131\u011f\u0131n\u0131 ve sa\u00e7 kalitesini iyile\u015ftirmek, sa\u00e7 kayb\u0131n\u0131 yava\u015flatmak hedefli dan\u0131\u015fmanl\u0131k ve bak\u0131m hizmeti veren bir merkezdir.","publisher":{"@id":"https:\/\/www.akademisacterapi.com\/en\/#organization"},"potentialAction":[{"@type":"SearchAction","target":{"@type":"EntryPoint","urlTemplate":"https:\/\/www.akademisacterapi.com\/en\/?s={search_term_string}"},"query-input":{"@type":"PropertyValueSpecification","valueRequired":true,"valueName":"search_term_string"}}],"inLanguage":"en-US"},{"@type":"Organization","@id":"https:\/\/www.akademisacterapi.com\/en\/#organization","name":"Akademi Sa\u00e7 Terapi","url":"https:\/\/www.akademisacterapi.com\/en\/","logo":{"@type":"ImageObject","inLanguage":"en-US","@id":"https:\/\/www.akademisacterapi.com\/en\/#\/schema\/logo\/image\/","url":"https:\/\/www.akademisacterapi.com\/wp-content\/uploads\/ast_icon.png","contentUrl":"https:\/\/www.akademisacterapi.com\/wp-content\/uploads\/ast_icon.png","width":250,"height":250,"caption":"Akademi Sa\u00e7 Terapi"},"image":{"@id":"https:\/\/www.akademisacterapi.com\/en\/#\/schema\/logo\/image\/"},"sameAs":["https:\/\/www.facebook.com\/akademisacterapi","https:\/\/x.com\/akademisac","https:\/\/www.instagram.com\/akademisacterapi","https:\/\/www.youtube.com\/channel\/UCEw4x0vhD7MfpVV5DwgbUBw"]}]}},"_links":{"self":[{"href":"https:\/\/www.akademisacterapi.com\/en\/wp-json\/wp\/v2\/pages\/16792","targetHints":{"allow":["GET"]}}],"collection":[{"href":"https:\/\/www.akademisacterapi.com\/en\/wp-json\/wp\/v2\/pages"}],"about":[{"href":"https:\/\/www.akademisacterapi.com\/en\/wp-json\/wp\/v2\/types\/page"}],"author":[{"embeddable":true,"href":"https:\/\/www.akademisacterapi.com\/en\/wp-json\/wp\/v2\/users\/1"}],"replies":[{"embeddable":true,"href":"https:\/\/www.akademisacterapi.com\/en\/wp-json\/wp\/v2\/comments?post=16792"}],"version-history":[{"count":0,"href":"https:\/\/www.akademisacterapi.com\/en\/wp-json\/wp\/v2\/pages\/16792\/revisions"}],"up":[{"embeddable":true,"href":"https:\/\/www.akademisacterapi.com\/en\/wp-json\/wp\/v2\/pages\/16790"}],"wp:featuredmedia":[{"embeddable":true,"href":"https:\/\/www.akademisacterapi.com\/en\/wp-json\/wp\/v2\/media\/16793"}],"wp:attachment":[{"href":"https:\/\/www.akademisacterapi.com\/en\/wp-json\/wp\/v2\/media?parent=16792"}],"curies":[{"name":"wp","href":"https:\/\/api.w.org\/{rel}","templated":true}]}}