{"id":16778,"date":"2018-02-22T12:47:39","date_gmt":"2018-02-22T09:47:39","guid":{"rendered":"https:\/\/www.akademisacterapi.com\/?page_id=16778"},"modified":"2025-03-26T13:15:22","modified_gmt":"2025-03-26T10:15:22","slug":"trichological-consultation","status":"publish","type":"page","link":"https:\/\/www.akademisacterapi.com\/en\/services\/trichological-consultation\/","title":{"rendered":"Trichological Consultation"},"content":{"rendered":"<h2>Hair problems are more likely to improve when approached holistically, treated on an individual basis, and supported by a comprehensive, multifaceted plan. By combining medical, cosmetic, and therapeutic treatments, along with monitoring blood levels, using dietary supplements when needed, and applying topical treatments under medical supervision, hair loss can be better controlled and hair growth can be stimulated.<\/h2>\n<div class=\"row\">\n<div class=\"col-12 col-md-4\">\n<p> A trichological consultation takes a holistic approach, This approach involves assessing a person&#8217;s lifestyle, genetic factors, nutrition, overall health, psychological well-being, and hair care habits. The main goal is to identify the underlying causes of hair problems and recommend the most appropriate treatments, care methods, and products tailored to the individual\u2019s specific needs. Additionally, it emphasizes improving lifestyle habits, such as diet, sleep, stress management, and physical activity. <\/p>\n<p><strong> The Importance of a Holistic Approach<\/strong><\/p>\n<p> Hair follicle is a small, specialized structure in the body that has its own metabolic functions related to energy use and chemical reactions. Additionally, it is closely connected to and influenced by the metabolic processes of other organs in the body, thus reflecting the body\u2019s overall health.<\/p>\n<p> As a result, hair problems may often be the first sign or consequence of an underlying health issue. Identifying the causes of hair loss needs special expertise and require understanding of health conditions, blood and hormone levels which may directly or indirectly be the cause of a hair loss. Trichology expertise, the science of hair and scalp health, is crucial in accurately diagnosing and addressing hair loss issues. Many times, medical support and collaboration with a healthcare professional may also be necessary.<\/p>\n<p> Trichology acknowledges that hair problems affect men and women differently and should be examined in detail based on these differences. Scientific studies suggest that <strong>90% of male hair loss is due to genetic predisposition, whereas\u00a0female hair loss is more often associated with multiple health-related factors.<\/strong><\/p>\n<p>Individuals with a family history of genetic hair loss or long-term health issues require ongoing support through a combination of treatments. For hair loss that is short-term or caused by factors like changing seasons, cosmetic at home solutions (like shampoos, conditioners, or hair serums) might be enough to address the issue. In other words, these types of hair loss don&#8217;t necessarily require medical or person tailored treatments and can be managed with over-the-counter products or home remedies.<\/p>\n<\/div>\n<div class=\"col-12 col-md-4\">\n<p>However, Trichological Hair Analysis and customized treatments are crucial in cases of early-onset of genetic and rapidly progressing type of hair losses.Personalized treatment options may be twofold: medical options and trichological treatments (or both together). While medical treatments and pharmaceutical-based products should always be used under a doctor&#8217;s supervision, as not all medications are suitable for everyone. Trichological treatments, which are often herbal-based, free from side effects, and non-addictive, can sometimes offer the most suitable and effective solution, for individuals seeking a more natural approach without the risks associated with pharmaceutical products.\u201d<\/p>\n<p><strong> Treatment Process and Expectations<\/strong> <\/p>\n<p>The\u00a0<strong>type of treatment<\/strong>\u00a0(medical, cosmetic or supplements) should be determined based on the severity and the causes of the hair loss. Usually, hair growth starts within 2 to 6 months after treatment or following the improvement of factors that affect hair growth, such as lifestyle adjustments or health. Nutritional deficiencies, underlying medical conditions may slow down the process of hair growth, it may take as long as 9 months or even longer for noticeable positive changes.<\/p>\n<p>At\u00a0Akademi Sa\u00e7 Terapi, we use cosmetic and herbal based Trichological Lotions, (free from side effects, non-addictive) that are very practical to use topically.  These are the therapeutic hair care solutions for those who are seeking more risk free and natural options.<\/p>\n<p> One should understand that the speed of the treatment results may vary from person to person and may take time, as hair is slow to react. But the good news are results tend to be more long lasting as the trichological approach focuses on holistic healing and overall body recovery. <\/p>\n<p> <strong> Monitoring and Follow-Up <\/strong><\/p>\n<p> At Akademi Sa\u00e7 Terapi, we\u00a0closely <strong>monitor<\/strong>\u00a0the progress with <\/p>\n<li> Video microscope images\u00a0<\/li>\n<li> Washing and shedding tests\u00a0\u00a0<\/li>\n<li> Before-and-after photos\u00a0\u00a0<\/li>\n<p>\n<\/div>\n<div class=\"col-12 col-md-4\">\n<img decoding=\"async\" src=\"https:\/\/www.akademisacterapi.com\/wp-content\/uploads\/trikolojik_danismanlik.jpg\" alt=\"\" class=\"img-fluid\"\/>\n<\/div>\n<\/div>\n","protected":false},"excerpt":{"rendered":"<p>Hair problems are more likely to improve when approached holistically, treated on an individual basis, and supported by a comprehensive, multifaceted plan. By combining medical, cosmetic, and therapeutic treatments, along with monitoring blood levels, using dietary supplements when needed, and applying topical treatments under medical supervision, hair loss can be better controlled and hair growth [&hellip;]<\/p>\n","protected":false},"author":1,"featured_media":0,"parent":16767,"menu_order":3,"comment_status":"closed","ping_status":"closed","template":"template-tabbed.php","meta":{"footnotes":""},"class_list":["post-16778","page","type-page","status-publish","hentry"],"yoast_head":"<!-- This site is optimized with the Yoast SEO plugin v27.0 - https:\/\/yoast.com\/product\/yoast-seo-wordpress\/ -->\n<title>Trichological Consultation - Akademi Sa\u00e7 Terapi<\/title>\n<meta name=\"robots\" content=\"index, follow, max-snippet:-1, max-image-preview:large, max-video-preview:-1\" \/>\n<link rel=\"canonical\" href=\"https:\/\/www.akademisacterapi.com\/en\/services\/trichological-consultation\/\" \/>\n<meta property=\"og:locale\" content=\"en_US\" \/>\n<meta property=\"og:type\" content=\"article\" \/>\n<meta property=\"og:title\" content=\"Trichological Consultation - Akademi Sa\u00e7 Terapi\" \/>\n<meta property=\"og:description\" content=\"Hair problems are more likely to improve when approached holistically, treated on an individual basis, and supported by a comprehensive, multifaceted plan. By combining medical, cosmetic, and therapeutic treatments, along with monitoring blood levels, using dietary supplements when needed, and applying topical treatments under medical supervision, hair loss can be better controlled and hair growth [&hellip;]\" \/>\n<meta property=\"og:url\" content=\"https:\/\/www.akademisacterapi.com\/en\/services\/trichological-consultation\/\" \/>\n<meta property=\"og:site_name\" content=\"Akademi Sa\u00e7 Terapi\" \/>\n<meta property=\"article:publisher\" content=\"https:\/\/www.facebook.com\/akademisacterapi\" \/>\n<meta property=\"article:modified_time\" content=\"2025-03-26T10:15:22+00:00\" \/>\n<meta property=\"og:image\" content=\"https:\/\/www.akademisacterapi.com\/wp-content\/uploads\/trikolojik_danismanlik.jpg\" \/>\n<meta name=\"twitter:card\" content=\"summary_large_image\" \/>\n<meta name=\"twitter:site\" content=\"@akademisac\" \/>\n<meta name=\"twitter:label1\" content=\"Est. reading time\" \/>\n\t<meta name=\"twitter:data1\" content=\"5 minutes\" \/>\n<script type=\"application\/ld+json\" class=\"yoast-schema-graph\">{\"@context\":\"https:\/\/schema.org\",\"@graph\":[{\"@type\":\"WebPage\",\"@id\":\"https:\/\/www.akademisacterapi.com\/en\/services\/trichological-consultation\/\",\"url\":\"https:\/\/www.akademisacterapi.com\/en\/services\/trichological-consultation\/\",\"name\":\"Trichological Consultation - Akademi Sa\u00e7 Terapi\",\"isPartOf\":{\"@id\":\"https:\/\/www.akademisacterapi.com\/en\/#website\"},\"primaryImageOfPage\":{\"@id\":\"https:\/\/www.akademisacterapi.com\/en\/services\/trichological-consultation\/#primaryimage\"},\"image\":{\"@id\":\"https:\/\/www.akademisacterapi.com\/en\/services\/trichological-consultation\/#primaryimage\"},\"thumbnailUrl\":\"https:\/\/www.akademisacterapi.com\/wp-content\/uploads\/trikolojik_danismanlik.jpg\",\"datePublished\":\"2018-02-22T09:47:39+00:00\",\"dateModified\":\"2025-03-26T10:15:22+00:00\",\"breadcrumb\":{\"@id\":\"https:\/\/www.akademisacterapi.com\/en\/services\/trichological-consultation\/#breadcrumb\"},\"inLanguage\":\"en-US\",\"potentialAction\":[{\"@type\":\"ReadAction\",\"target\":[\"https:\/\/www.akademisacterapi.com\/en\/services\/trichological-consultation\/\"]}]},{\"@type\":\"ImageObject\",\"inLanguage\":\"en-US\",\"@id\":\"https:\/\/www.akademisacterapi.com\/en\/services\/trichological-consultation\/#primaryimage\",\"url\":\"https:\/\/www.akademisacterapi.com\/wp-content\/uploads\/trikolojik_danismanlik.jpg\",\"contentUrl\":\"https:\/\/www.akademisacterapi.com\/wp-content\/uploads\/trikolojik_danismanlik.jpg\"},{\"@type\":\"BreadcrumbList\",\"@id\":\"https:\/\/www.akademisacterapi.com\/en\/services\/trichological-consultation\/#breadcrumb\",\"itemListElement\":[{\"@type\":\"ListItem\",\"position\":1,\"name\":\"Ana Sayfa\",\"item\":\"https:\/\/www.akademisacterapi.com\/en\/homepage\/\"},{\"@type\":\"ListItem\",\"position\":2,\"name\":\"Services\",\"item\":\"https:\/\/www.akademisacterapi.com\/en\/services\/\"},{\"@type\":\"ListItem\",\"position\":3,\"name\":\"Trichological Consultation\"}]},{\"@type\":\"WebSite\",\"@id\":\"https:\/\/www.akademisacterapi.com\/en\/#website\",\"url\":\"https:\/\/www.akademisacterapi.com\/en\/\",\"name\":\"Akademi Sa\u00e7 Terapi\",\"description\":\"Akademi Sa\u00e7 Terapi, sa\u00e7 sa\u011fl\u0131\u011f\u0131n\u0131 ve sa\u00e7 kalitesini iyile\u015ftirmek, sa\u00e7 kayb\u0131n\u0131 yava\u015flatmak hedefli dan\u0131\u015fmanl\u0131k ve bak\u0131m hizmeti veren bir merkezdir.\",\"publisher\":{\"@id\":\"https:\/\/www.akademisacterapi.com\/en\/#organization\"},\"potentialAction\":[{\"@type\":\"SearchAction\",\"target\":{\"@type\":\"EntryPoint\",\"urlTemplate\":\"https:\/\/www.akademisacterapi.com\/en\/?s={search_term_string}\"},\"query-input\":{\"@type\":\"PropertyValueSpecification\",\"valueRequired\":true,\"valueName\":\"search_term_string\"}}],\"inLanguage\":\"en-US\"},{\"@type\":\"Organization\",\"@id\":\"https:\/\/www.akademisacterapi.com\/en\/#organization\",\"name\":\"Akademi Sa\u00e7 Terapi\",\"url\":\"https:\/\/www.akademisacterapi.com\/en\/\",\"logo\":{\"@type\":\"ImageObject\",\"inLanguage\":\"en-US\",\"@id\":\"https:\/\/www.akademisacterapi.com\/en\/#\/schema\/logo\/image\/\",\"url\":\"https:\/\/www.akademisacterapi.com\/wp-content\/uploads\/ast_icon.png\",\"contentUrl\":\"https:\/\/www.akademisacterapi.com\/wp-content\/uploads\/ast_icon.png\",\"width\":250,\"height\":250,\"caption\":\"Akademi Sa\u00e7 Terapi\"},\"image\":{\"@id\":\"https:\/\/www.akademisacterapi.com\/en\/#\/schema\/logo\/image\/\"},\"sameAs\":[\"https:\/\/www.facebook.com\/akademisacterapi\",\"https:\/\/x.com\/akademisac\",\"https:\/\/www.instagram.com\/akademisacterapi\",\"https:\/\/www.youtube.com\/channel\/UCEw4x0vhD7MfpVV5DwgbUBw\"]}]}<\/script>\n<!-- \/ Yoast SEO plugin. -->","yoast_head_json":{"title":"Trichological Consultation - Akademi Sa\u00e7 Terapi","robots":{"index":"index","follow":"follow","max-snippet":"max-snippet:-1","max-image-preview":"max-image-preview:large","max-video-preview":"max-video-preview:-1"},"canonical":"https:\/\/www.akademisacterapi.com\/en\/services\/trichological-consultation\/","og_locale":"en_US","og_type":"article","og_title":"Trichological Consultation - Akademi Sa\u00e7 Terapi","og_description":"Hair problems are more likely to improve when approached holistically, treated on an individual basis, and supported by a comprehensive, multifaceted plan. By combining medical, cosmetic, and therapeutic treatments, along with monitoring blood levels, using dietary supplements when needed, and applying topical treatments under medical supervision, hair loss can be better controlled and hair growth [&hellip;]","og_url":"https:\/\/www.akademisacterapi.com\/en\/services\/trichological-consultation\/","og_site_name":"Akademi Sa\u00e7 Terapi","article_publisher":"https:\/\/www.facebook.com\/akademisacterapi","article_modified_time":"2025-03-26T10:15:22+00:00","og_image":[{"url":"https:\/\/www.akademisacterapi.com\/wp-content\/uploads\/trikolojik_danismanlik.jpg","type":"","width":"","height":""}],"twitter_card":"summary_large_image","twitter_site":"@akademisac","twitter_misc":{"Est. reading time":"5 minutes"},"schema":{"@context":"https:\/\/schema.org","@graph":[{"@type":"WebPage","@id":"https:\/\/www.akademisacterapi.com\/en\/services\/trichological-consultation\/","url":"https:\/\/www.akademisacterapi.com\/en\/services\/trichological-consultation\/","name":"Trichological Consultation - Akademi Sa\u00e7 Terapi","isPartOf":{"@id":"https:\/\/www.akademisacterapi.com\/en\/#website"},"primaryImageOfPage":{"@id":"https:\/\/www.akademisacterapi.com\/en\/services\/trichological-consultation\/#primaryimage"},"image":{"@id":"https:\/\/www.akademisacterapi.com\/en\/services\/trichological-consultation\/#primaryimage"},"thumbnailUrl":"https:\/\/www.akademisacterapi.com\/wp-content\/uploads\/trikolojik_danismanlik.jpg","datePublished":"2018-02-22T09:47:39+00:00","dateModified":"2025-03-26T10:15:22+00:00","breadcrumb":{"@id":"https:\/\/www.akademisacterapi.com\/en\/services\/trichological-consultation\/#breadcrumb"},"inLanguage":"en-US","potentialAction":[{"@type":"ReadAction","target":["https:\/\/www.akademisacterapi.com\/en\/services\/trichological-consultation\/"]}]},{"@type":"ImageObject","inLanguage":"en-US","@id":"https:\/\/www.akademisacterapi.com\/en\/services\/trichological-consultation\/#primaryimage","url":"https:\/\/www.akademisacterapi.com\/wp-content\/uploads\/trikolojik_danismanlik.jpg","contentUrl":"https:\/\/www.akademisacterapi.com\/wp-content\/uploads\/trikolojik_danismanlik.jpg"},{"@type":"BreadcrumbList","@id":"https:\/\/www.akademisacterapi.com\/en\/services\/trichological-consultation\/#breadcrumb","itemListElement":[{"@type":"ListItem","position":1,"name":"Ana Sayfa","item":"https:\/\/www.akademisacterapi.com\/en\/homepage\/"},{"@type":"ListItem","position":2,"name":"Services","item":"https:\/\/www.akademisacterapi.com\/en\/services\/"},{"@type":"ListItem","position":3,"name":"Trichological Consultation"}]},{"@type":"WebSite","@id":"https:\/\/www.akademisacterapi.com\/en\/#website","url":"https:\/\/www.akademisacterapi.com\/en\/","name":"Akademi Sa\u00e7 Terapi","description":"Akademi Sa\u00e7 Terapi, sa\u00e7 sa\u011fl\u0131\u011f\u0131n\u0131 ve sa\u00e7 kalitesini iyile\u015ftirmek, sa\u00e7 kayb\u0131n\u0131 yava\u015flatmak hedefli dan\u0131\u015fmanl\u0131k ve bak\u0131m hizmeti veren bir merkezdir.","publisher":{"@id":"https:\/\/www.akademisacterapi.com\/en\/#organization"},"potentialAction":[{"@type":"SearchAction","target":{"@type":"EntryPoint","urlTemplate":"https:\/\/www.akademisacterapi.com\/en\/?s={search_term_string}"},"query-input":{"@type":"PropertyValueSpecification","valueRequired":true,"valueName":"search_term_string"}}],"inLanguage":"en-US"},{"@type":"Organization","@id":"https:\/\/www.akademisacterapi.com\/en\/#organization","name":"Akademi Sa\u00e7 Terapi","url":"https:\/\/www.akademisacterapi.com\/en\/","logo":{"@type":"ImageObject","inLanguage":"en-US","@id":"https:\/\/www.akademisacterapi.com\/en\/#\/schema\/logo\/image\/","url":"https:\/\/www.akademisacterapi.com\/wp-content\/uploads\/ast_icon.png","contentUrl":"https:\/\/www.akademisacterapi.com\/wp-content\/uploads\/ast_icon.png","width":250,"height":250,"caption":"Akademi Sa\u00e7 Terapi"},"image":{"@id":"https:\/\/www.akademisacterapi.com\/en\/#\/schema\/logo\/image\/"},"sameAs":["https:\/\/www.facebook.com\/akademisacterapi","https:\/\/x.com\/akademisac","https:\/\/www.instagram.com\/akademisacterapi","https:\/\/www.youtube.com\/channel\/UCEw4x0vhD7MfpVV5DwgbUBw"]}]}},"_links":{"self":[{"href":"https:\/\/www.akademisacterapi.com\/en\/wp-json\/wp\/v2\/pages\/16778","targetHints":{"allow":["GET"]}}],"collection":[{"href":"https:\/\/www.akademisacterapi.com\/en\/wp-json\/wp\/v2\/pages"}],"about":[{"href":"https:\/\/www.akademisacterapi.com\/en\/wp-json\/wp\/v2\/types\/page"}],"author":[{"embeddable":true,"href":"https:\/\/www.akademisacterapi.com\/en\/wp-json\/wp\/v2\/users\/1"}],"replies":[{"embeddable":true,"href":"https:\/\/www.akademisacterapi.com\/en\/wp-json\/wp\/v2\/comments?post=16778"}],"version-history":[{"count":0,"href":"https:\/\/www.akademisacterapi.com\/en\/wp-json\/wp\/v2\/pages\/16778\/revisions"}],"up":[{"embeddable":true,"href":"https:\/\/www.akademisacterapi.com\/en\/wp-json\/wp\/v2\/pages\/16767"}],"wp:attachment":[{"href":"https:\/\/www.akademisacterapi.com\/en\/wp-json\/wp\/v2\/media?parent=16778"}],"curies":[{"name":"wp","href":"https:\/\/api.w.org\/{rel}","templated":true}]}}