{"id":16773,"date":"2017-03-02T11:51:38","date_gmt":"2017-03-02T08:51:38","guid":{"rendered":"https:\/\/www.akademisacterapi.com\/services\/trikolojik-sac-bakimlari\/"},"modified":"2025-03-28T13:06:51","modified_gmt":"2025-03-28T10:06:51","slug":"trichological-hair-treatments","status":"publish","type":"page","link":"https:\/\/www.akademisacterapi.com\/en\/services\/trichological-hair-treatments\/","title":{"rendered":"Trichological Hair Treatments"},"content":{"rendered":"<br \/>\n<h2>Trichological Treatments\u00a0include Topical formulations with proven active ingredients, lotions, tonics, shampoos, conditioners, that aim to:<\/h2>\n<div class=\"row\">\n<div class=\"col-12 col-md-4\">\n<li>Support scalp health and control hair loss\n<li>Enhance hair density, volume, shine, and strength\n<li>Accelerate hair growth\n<li>Revitalize hair metabolism<\/p>\n<p>Trichological Treatments may be used to enhance and protect existing hair beuaty and health. They may be considered for temporary issues and discontinued afterwards. However, for long-term hair problems originating from genetic back ground and ongoing health conditions, they may need to be repeated and followed with maintenance programs.\n<\/p>\n<p><strong>How to Use:<\/strong><\/p>\n<p>Trichological formulations are customized for each individual, typically lasting a minimum of 10 weeks with 1-2 applications per week. Depending on the individual&#8217;s hair loss degree, more or fewer applications may be needed. The hair\u2019s response may vary depending on the cause(s) of hair loss. Results are typically seen within 4-6 months. The number and frequency of treatments can be increased, combined applications may be required based on the client&#8217;s specific hair issue. The content and formula of the topical lotions are tailored to the individual.<\/p>\n<p>The\u00a0response time and the result may vary depending on:<\/p>\n<ul>\n<li>The cause of hair loss<\/li>\n<li>The person\u2019s health back ground\n    <\/ul>\n<p>Trichological Topical formulations come in\u00a0<strong>ampoules (5ml) or vials (7ml)<\/strong>\u00a0forms and easy to apply at home or be applied in our center with a therapuetical session using\u00a0<strong>JETGROW Rapid Absorption Technology.<\/strong>\n<\/p>\n<p>JETGROW uses a special technique, which spreys out air and micro particules of lotion so that the active ingredient can penetrate the hair follicles more easily. The Clinic treatments takes\u00a0<strong>35-45 minutes<\/strong>\u00a0and includes:<\/p>\n<li> Hair washing\n<li> Hair count analysis during washing\n<li>Topical application using JETGROW technology\n<li>Scalp &#038; neck massage\n<li>Infrared light therapy\n<li>Hair drying &#038; styling<\/p>\n<p>Treatments\u00a0<strong>do not leave hair oily or sticky,<\/strong> allowing individuals to resume daily activities immediately.<\/p>\n<p><strong>Treatments and Procedures Offered:<\/strong><\/p>\n<p><strong>1. APPLICATIONS: TECHNIQUE &#038; TREATMENTS<\/strong><\/p>\n<p><strong>A) JetGrow Rapid Absorption Technology:<\/strong><\/p>\n<p>JETGROW sprays out <strong>cold vapor<\/strong> to open scalp pores, allowing\u00a0<strong>nano-sized lotion particles<\/strong>\u00a0to be absorbed more effectively by the hair roots. This also ensures that\u00a0<strong>more hair follicles<\/strong>\u00a0in a wider are treated.\n<\/p>\n<p><strong>B) Trichological Treatments:<\/strong><\/p>\n<p><strong>Corrective Scalp Drops\/Lotions: J, Cade, Ap23<\/strong><br \/>\nOptimize Scalp Health &#038; Controls<\/p>\n<li>Excess oil production\n<li>Dandruff, itching, dryness, sensitivity and acne <\/p>\n<p><strong>Revitalizing and Stimulating Lotions: Lupex 2000, Lupex 4000, XLR8, Phytax, G9 Growth factors<\/strong><br \/>\nAims to:<\/p>\n<li>Control hair loss and prevent hair thinning\n<li>Stimulate and accelerate new hair growth\n<li>Minimize Hair Shedding <\/p>\n<\/div>\n<div class=\"col-12 col-md-4\">\n<p>The key active ingredients may vary depending on the specific formulations. Stimulation lotions help reduce DHT formation, enhance blood circulation to the hair follicles, and promote cell renewal using a combination of patented plant extracts, vitamins, and minerals.<\/p>\n<p><strong>Strengthening Lotions: Trichogenesis, Trichopeptide, P602<\/strong><br \/>\nAims to:<\/p>\n<li>Strengthen and thicken hair\n<li>Enhance hair resistance\n<li>Restore volume and structure <\/p>\n<p>These lotions contain\u00a0<strong>hydrolyzed proteins, peptides, soy, and silk proteins<\/strong>\u00a0for hair reinforcement.<\/p>\n<p><strong>Detox Program \u2013 Pre &#038; Post Hair Transplant Care<br \/>\nLotions:\u00a0J, AP23, Cade<\/strong><\/p>\n<p>A <strong>healthy scalp<\/strong>\u00a0is crucial for the\u00a0<strong>success of hair transplants.<\/strong> Pre- and post-transplant care\u00a0<strong>promotes faster healing<\/strong>\u00a0and\u00a0<strong>ensures healthy root development.<\/strong><br \/>\nHelp to improve the anchorage of the hair roots and aims to:<\/p>\n<li>Prevent infections\n<li>Promote scalp cell renewal\n<li>Eliminate excess oil, dead skin, and toxins<\/p>\n<p><strong>2. RESTRUCTURING &#038; MOISTURIZING TREATMENTS<\/strong><\/p>\n<p>For\u00a0frizzy, <strong>damaged, dry, or breakage-prone hair,<\/strong> we use\u00a0<strong>intensive repairing and moisturizing masks and lotions<\/strong> with Ionized STEAM Technology. <\/p>\n<p>Aims to:<\/p>\n<li>Enhance hair moisture retention\n<li>Repair protein structures\n<li>Increase elasticity and prevent breakage\n<li>Reduce frizz and improve manageability<\/p>\n<p>Clinic treatments last\u00a0<strong>45-60 minutes. <\/strong>The result is smoother, shinier, healthier-looking hair with restored curl patterns or straight texture.\n<\/p>\n<p><strong>3. LASER LIGHT THERAPY<\/strong><\/p>\n<p>Laser Light Therapy (LLLT) is a non-invasive treatment that uses low-level laser light to stimulate hair growth and improve scalp health. The therapy is considered safe and painless, involving the use of:<\/p>\n<li>Laser Comb\n<li>Laser Band\n<li>Laser Cap<\/p>\n<p><strong>It works by promoting cellular activity in the hair follicles, improving blood circulation, and encouraging the regeneration of damaged hair follicles.<br \/>\nFDA-cleared<\/strong><\/p>\n<li> Stimulates cellular interaction\n<li> Supports and controls hair loss\n<li> Accelerates hair growth\n<li>Improves scalp condition<\/p>\n<p>It can be used at home or in our centers to boost hair metabolism and speed up results.\n<\/p>\n<\/div>\n<div class=\"col-12 col-md-4\">\n    <img decoding=\"async\" src=\"https:\/\/www.akademisacterapi.com\/wp-content\/uploads\/sac_bakimi.jpg\" alt=\"\" class=\"img-fluid\"\/>\n<\/div>\n<\/div>\n","protected":false},"excerpt":{"rendered":"<p>Trichological Treatments\u00a0include Topical formulations with proven active ingredients, lotions, tonics, shampoos, conditioners, that aim to: Support scalp health and control hair loss Enhance hair density, volume, shine, and strength Accelerate hair growth Revitalize hair metabolism Trichological Treatments may be used to enhance and protect existing hair beuaty and health. They may be considered for temporary [&hellip;]<\/p>\n","protected":false},"author":1,"featured_media":16775,"parent":16767,"menu_order":2,"comment_status":"closed","ping_status":"closed","template":"template-tabbed.php","meta":{"footnotes":""},"class_list":["post-16773","page","type-page","status-publish","has-post-thumbnail","hentry"],"yoast_head":"<!-- This site is optimized with the Yoast SEO plugin v27.0 - https:\/\/yoast.com\/product\/yoast-seo-wordpress\/ -->\n<title>Trichological Hair Treatments - Akademi Sa\u00e7 Terapi<\/title>\n<meta name=\"description\" content=\"Genel Bak\u0131m sa\u00e7\u0131 daha sa\u011fl\u0131kl\u0131, canl\u0131, hacimli, kolay \u015fekil alabilen hale getiren, uzama h\u0131z\u0131n\u0131 art\u0131ran, sa\u00e7\u0131 \u201cgen\u00e7le\u015ftiren\u201d bak\u0131m programlar\u0131n\u0131 i\u00e7erir.\" \/>\n<meta name=\"robots\" content=\"index, follow, max-snippet:-1, max-image-preview:large, max-video-preview:-1\" \/>\n<link rel=\"canonical\" href=\"https:\/\/www.akademisacterapi.com\/en\/services\/trichological-hair-treatments\/\" \/>\n<meta property=\"og:locale\" content=\"en_US\" \/>\n<meta property=\"og:type\" content=\"article\" \/>\n<meta property=\"og:title\" content=\"Trichological Hair Treatments - Akademi Sa\u00e7 Terapi\" \/>\n<meta property=\"og:description\" content=\"Genel Bak\u0131m sa\u00e7\u0131 daha sa\u011fl\u0131kl\u0131, canl\u0131, hacimli, kolay \u015fekil alabilen hale getiren, uzama h\u0131z\u0131n\u0131 art\u0131ran, sa\u00e7\u0131 \u201cgen\u00e7le\u015ftiren\u201d bak\u0131m programlar\u0131n\u0131 i\u00e7erir.\" \/>\n<meta property=\"og:url\" content=\"https:\/\/www.akademisacterapi.com\/en\/services\/trichological-hair-treatments\/\" \/>\n<meta property=\"og:site_name\" content=\"Akademi Sa\u00e7 Terapi\" \/>\n<meta property=\"article:publisher\" content=\"https:\/\/www.facebook.com\/akademisacterapi\" \/>\n<meta property=\"article:modified_time\" content=\"2025-03-28T10:06:51+00:00\" \/>\n<meta property=\"og:image\" content=\"https:\/\/www.akademisacterapi.com\/wp-content\/uploads\/2hizmetler-genelbakim.jpg\" \/>\n\t<meta property=\"og:image:width\" content=\"768\" \/>\n\t<meta property=\"og:image:height\" content=\"580\" \/>\n\t<meta property=\"og:image:type\" content=\"image\/jpeg\" \/>\n<meta name=\"twitter:card\" content=\"summary_large_image\" \/>\n<meta name=\"twitter:site\" content=\"@akademisac\" \/>\n<meta name=\"twitter:label1\" content=\"Est. reading time\" \/>\n\t<meta name=\"twitter:data1\" content=\"5 minutes\" \/>\n<script type=\"application\/ld+json\" class=\"yoast-schema-graph\">{\"@context\":\"https:\/\/schema.org\",\"@graph\":[{\"@type\":\"WebPage\",\"@id\":\"https:\/\/www.akademisacterapi.com\/en\/services\/trichological-hair-treatments\/\",\"url\":\"https:\/\/www.akademisacterapi.com\/en\/services\/trichological-hair-treatments\/\",\"name\":\"Trichological Hair Treatments - Akademi Sa\u00e7 Terapi\",\"isPartOf\":{\"@id\":\"https:\/\/www.akademisacterapi.com\/en\/#website\"},\"primaryImageOfPage\":{\"@id\":\"https:\/\/www.akademisacterapi.com\/en\/services\/trichological-hair-treatments\/#primaryimage\"},\"image\":{\"@id\":\"https:\/\/www.akademisacterapi.com\/en\/services\/trichological-hair-treatments\/#primaryimage\"},\"thumbnailUrl\":\"https:\/\/www.akademisacterapi.com\/wp-content\/uploads\/2hizmetler-genelbakim.jpg\",\"datePublished\":\"2017-03-02T08:51:38+00:00\",\"dateModified\":\"2025-03-28T10:06:51+00:00\",\"description\":\"Genel Bak\u0131m sa\u00e7\u0131 daha sa\u011fl\u0131kl\u0131, canl\u0131, hacimli, kolay \u015fekil alabilen hale getiren, uzama h\u0131z\u0131n\u0131 art\u0131ran, sa\u00e7\u0131 \u201cgen\u00e7le\u015ftiren\u201d bak\u0131m programlar\u0131n\u0131 i\u00e7erir.\",\"breadcrumb\":{\"@id\":\"https:\/\/www.akademisacterapi.com\/en\/services\/trichological-hair-treatments\/#breadcrumb\"},\"inLanguage\":\"en-US\",\"potentialAction\":[{\"@type\":\"ReadAction\",\"target\":[\"https:\/\/www.akademisacterapi.com\/en\/services\/trichological-hair-treatments\/\"]}]},{\"@type\":\"ImageObject\",\"inLanguage\":\"en-US\",\"@id\":\"https:\/\/www.akademisacterapi.com\/en\/services\/trichological-hair-treatments\/#primaryimage\",\"url\":\"https:\/\/www.akademisacterapi.com\/wp-content\/uploads\/2hizmetler-genelbakim.jpg\",\"contentUrl\":\"https:\/\/www.akademisacterapi.com\/wp-content\/uploads\/2hizmetler-genelbakim.jpg\",\"width\":768,\"height\":580},{\"@type\":\"BreadcrumbList\",\"@id\":\"https:\/\/www.akademisacterapi.com\/en\/services\/trichological-hair-treatments\/#breadcrumb\",\"itemListElement\":[{\"@type\":\"ListItem\",\"position\":1,\"name\":\"Ana Sayfa\",\"item\":\"https:\/\/www.akademisacterapi.com\/en\/homepage\/\"},{\"@type\":\"ListItem\",\"position\":2,\"name\":\"Services\",\"item\":\"https:\/\/www.akademisacterapi.com\/en\/services\/\"},{\"@type\":\"ListItem\",\"position\":3,\"name\":\"Trichological Hair Treatments\"}]},{\"@type\":\"WebSite\",\"@id\":\"https:\/\/www.akademisacterapi.com\/en\/#website\",\"url\":\"https:\/\/www.akademisacterapi.com\/en\/\",\"name\":\"Akademi Sa\u00e7 Terapi\",\"description\":\"Akademi Sa\u00e7 Terapi, sa\u00e7 sa\u011fl\u0131\u011f\u0131n\u0131 ve sa\u00e7 kalitesini iyile\u015ftirmek, sa\u00e7 kayb\u0131n\u0131 yava\u015flatmak hedefli dan\u0131\u015fmanl\u0131k ve bak\u0131m hizmeti veren bir merkezdir.\",\"publisher\":{\"@id\":\"https:\/\/www.akademisacterapi.com\/en\/#organization\"},\"potentialAction\":[{\"@type\":\"SearchAction\",\"target\":{\"@type\":\"EntryPoint\",\"urlTemplate\":\"https:\/\/www.akademisacterapi.com\/en\/?s={search_term_string}\"},\"query-input\":{\"@type\":\"PropertyValueSpecification\",\"valueRequired\":true,\"valueName\":\"search_term_string\"}}],\"inLanguage\":\"en-US\"},{\"@type\":\"Organization\",\"@id\":\"https:\/\/www.akademisacterapi.com\/en\/#organization\",\"name\":\"Akademi Sa\u00e7 Terapi\",\"url\":\"https:\/\/www.akademisacterapi.com\/en\/\",\"logo\":{\"@type\":\"ImageObject\",\"inLanguage\":\"en-US\",\"@id\":\"https:\/\/www.akademisacterapi.com\/en\/#\/schema\/logo\/image\/\",\"url\":\"https:\/\/www.akademisacterapi.com\/wp-content\/uploads\/ast_icon.png\",\"contentUrl\":\"https:\/\/www.akademisacterapi.com\/wp-content\/uploads\/ast_icon.png\",\"width\":250,\"height\":250,\"caption\":\"Akademi Sa\u00e7 Terapi\"},\"image\":{\"@id\":\"https:\/\/www.akademisacterapi.com\/en\/#\/schema\/logo\/image\/\"},\"sameAs\":[\"https:\/\/www.facebook.com\/akademisacterapi\",\"https:\/\/x.com\/akademisac\",\"https:\/\/www.instagram.com\/akademisacterapi\",\"https:\/\/www.youtube.com\/channel\/UCEw4x0vhD7MfpVV5DwgbUBw\"]}]}<\/script>\n<!-- \/ Yoast SEO plugin. -->","yoast_head_json":{"title":"Trichological Hair Treatments - Akademi Sa\u00e7 Terapi","description":"Genel Bak\u0131m sa\u00e7\u0131 daha sa\u011fl\u0131kl\u0131, canl\u0131, hacimli, kolay \u015fekil alabilen hale getiren, uzama h\u0131z\u0131n\u0131 art\u0131ran, sa\u00e7\u0131 \u201cgen\u00e7le\u015ftiren\u201d bak\u0131m programlar\u0131n\u0131 i\u00e7erir.","robots":{"index":"index","follow":"follow","max-snippet":"max-snippet:-1","max-image-preview":"max-image-preview:large","max-video-preview":"max-video-preview:-1"},"canonical":"https:\/\/www.akademisacterapi.com\/en\/services\/trichological-hair-treatments\/","og_locale":"en_US","og_type":"article","og_title":"Trichological Hair Treatments - Akademi Sa\u00e7 Terapi","og_description":"Genel Bak\u0131m sa\u00e7\u0131 daha sa\u011fl\u0131kl\u0131, canl\u0131, hacimli, kolay \u015fekil alabilen hale getiren, uzama h\u0131z\u0131n\u0131 art\u0131ran, sa\u00e7\u0131 \u201cgen\u00e7le\u015ftiren\u201d bak\u0131m programlar\u0131n\u0131 i\u00e7erir.","og_url":"https:\/\/www.akademisacterapi.com\/en\/services\/trichological-hair-treatments\/","og_site_name":"Akademi Sa\u00e7 Terapi","article_publisher":"https:\/\/www.facebook.com\/akademisacterapi","article_modified_time":"2025-03-28T10:06:51+00:00","og_image":[{"width":768,"height":580,"url":"https:\/\/www.akademisacterapi.com\/wp-content\/uploads\/2hizmetler-genelbakim.jpg","type":"image\/jpeg"}],"twitter_card":"summary_large_image","twitter_site":"@akademisac","twitter_misc":{"Est. reading time":"5 minutes"},"schema":{"@context":"https:\/\/schema.org","@graph":[{"@type":"WebPage","@id":"https:\/\/www.akademisacterapi.com\/en\/services\/trichological-hair-treatments\/","url":"https:\/\/www.akademisacterapi.com\/en\/services\/trichological-hair-treatments\/","name":"Trichological Hair Treatments - Akademi Sa\u00e7 Terapi","isPartOf":{"@id":"https:\/\/www.akademisacterapi.com\/en\/#website"},"primaryImageOfPage":{"@id":"https:\/\/www.akademisacterapi.com\/en\/services\/trichological-hair-treatments\/#primaryimage"},"image":{"@id":"https:\/\/www.akademisacterapi.com\/en\/services\/trichological-hair-treatments\/#primaryimage"},"thumbnailUrl":"https:\/\/www.akademisacterapi.com\/wp-content\/uploads\/2hizmetler-genelbakim.jpg","datePublished":"2017-03-02T08:51:38+00:00","dateModified":"2025-03-28T10:06:51+00:00","description":"Genel Bak\u0131m sa\u00e7\u0131 daha sa\u011fl\u0131kl\u0131, canl\u0131, hacimli, kolay \u015fekil alabilen hale getiren, uzama h\u0131z\u0131n\u0131 art\u0131ran, sa\u00e7\u0131 \u201cgen\u00e7le\u015ftiren\u201d bak\u0131m programlar\u0131n\u0131 i\u00e7erir.","breadcrumb":{"@id":"https:\/\/www.akademisacterapi.com\/en\/services\/trichological-hair-treatments\/#breadcrumb"},"inLanguage":"en-US","potentialAction":[{"@type":"ReadAction","target":["https:\/\/www.akademisacterapi.com\/en\/services\/trichological-hair-treatments\/"]}]},{"@type":"ImageObject","inLanguage":"en-US","@id":"https:\/\/www.akademisacterapi.com\/en\/services\/trichological-hair-treatments\/#primaryimage","url":"https:\/\/www.akademisacterapi.com\/wp-content\/uploads\/2hizmetler-genelbakim.jpg","contentUrl":"https:\/\/www.akademisacterapi.com\/wp-content\/uploads\/2hizmetler-genelbakim.jpg","width":768,"height":580},{"@type":"BreadcrumbList","@id":"https:\/\/www.akademisacterapi.com\/en\/services\/trichological-hair-treatments\/#breadcrumb","itemListElement":[{"@type":"ListItem","position":1,"name":"Ana Sayfa","item":"https:\/\/www.akademisacterapi.com\/en\/homepage\/"},{"@type":"ListItem","position":2,"name":"Services","item":"https:\/\/www.akademisacterapi.com\/en\/services\/"},{"@type":"ListItem","position":3,"name":"Trichological Hair Treatments"}]},{"@type":"WebSite","@id":"https:\/\/www.akademisacterapi.com\/en\/#website","url":"https:\/\/www.akademisacterapi.com\/en\/","name":"Akademi Sa\u00e7 Terapi","description":"Akademi Sa\u00e7 Terapi, sa\u00e7 sa\u011fl\u0131\u011f\u0131n\u0131 ve sa\u00e7 kalitesini iyile\u015ftirmek, sa\u00e7 kayb\u0131n\u0131 yava\u015flatmak hedefli dan\u0131\u015fmanl\u0131k ve bak\u0131m hizmeti veren bir merkezdir.","publisher":{"@id":"https:\/\/www.akademisacterapi.com\/en\/#organization"},"potentialAction":[{"@type":"SearchAction","target":{"@type":"EntryPoint","urlTemplate":"https:\/\/www.akademisacterapi.com\/en\/?s={search_term_string}"},"query-input":{"@type":"PropertyValueSpecification","valueRequired":true,"valueName":"search_term_string"}}],"inLanguage":"en-US"},{"@type":"Organization","@id":"https:\/\/www.akademisacterapi.com\/en\/#organization","name":"Akademi Sa\u00e7 Terapi","url":"https:\/\/www.akademisacterapi.com\/en\/","logo":{"@type":"ImageObject","inLanguage":"en-US","@id":"https:\/\/www.akademisacterapi.com\/en\/#\/schema\/logo\/image\/","url":"https:\/\/www.akademisacterapi.com\/wp-content\/uploads\/ast_icon.png","contentUrl":"https:\/\/www.akademisacterapi.com\/wp-content\/uploads\/ast_icon.png","width":250,"height":250,"caption":"Akademi Sa\u00e7 Terapi"},"image":{"@id":"https:\/\/www.akademisacterapi.com\/en\/#\/schema\/logo\/image\/"},"sameAs":["https:\/\/www.facebook.com\/akademisacterapi","https:\/\/x.com\/akademisac","https:\/\/www.instagram.com\/akademisacterapi","https:\/\/www.youtube.com\/channel\/UCEw4x0vhD7MfpVV5DwgbUBw"]}]}},"_links":{"self":[{"href":"https:\/\/www.akademisacterapi.com\/en\/wp-json\/wp\/v2\/pages\/16773","targetHints":{"allow":["GET"]}}],"collection":[{"href":"https:\/\/www.akademisacterapi.com\/en\/wp-json\/wp\/v2\/pages"}],"about":[{"href":"https:\/\/www.akademisacterapi.com\/en\/wp-json\/wp\/v2\/types\/page"}],"author":[{"embeddable":true,"href":"https:\/\/www.akademisacterapi.com\/en\/wp-json\/wp\/v2\/users\/1"}],"replies":[{"embeddable":true,"href":"https:\/\/www.akademisacterapi.com\/en\/wp-json\/wp\/v2\/comments?post=16773"}],"version-history":[{"count":0,"href":"https:\/\/www.akademisacterapi.com\/en\/wp-json\/wp\/v2\/pages\/16773\/revisions"}],"up":[{"embeddable":true,"href":"https:\/\/www.akademisacterapi.com\/en\/wp-json\/wp\/v2\/pages\/16767"}],"wp:featuredmedia":[{"embeddable":true,"href":"https:\/\/www.akademisacterapi.com\/en\/wp-json\/wp\/v2\/media\/16775"}],"wp:attachment":[{"href":"https:\/\/www.akademisacterapi.com\/en\/wp-json\/wp\/v2\/media?parent=16773"}],"curies":[{"name":"wp","href":"https:\/\/api.w.org\/{rel}","templated":true}]}}