{"id":16769,"date":"2017-03-02T11:51:06","date_gmt":"2017-03-02T08:51:06","guid":{"rendered":"https:\/\/www.akademisacterapi.com\/services\/trikolojik-sac-analizi\/"},"modified":"2025-03-26T12:36:00","modified_gmt":"2025-03-26T09:36:00","slug":"trichological-hair-analysis","status":"publish","type":"page","link":"https:\/\/www.akademisacterapi.com\/en\/services\/trichological-hair-analysis\/","title":{"rendered":"Trichological Hair Analysis"},"content":{"rendered":"<h2> Trichological Consultation and Hair Analysis\u00a0aims to\u00a0find out root causes of hair loss, to personalize treatments based on the cause of hair loss and design customized support programs for each individual. We provide hair care solutions to optimize scalp health, improve hair quality, and help reduce hair loss. <\/h2>\n<div class=\"row\">\n<div class=\"col-12 col-md-4\">\n<p>  The Hair Concerns addressed are: <\/p>\n<li>Hair loss and Thinning<\/li>\n<li>Dryness, dullness and breakage<\/li>\n<li>Excessive oiliness, dandruff, itching, sensitivity, scalp acne<\/li>\n<p> Hair and scalp problems can have various causes, and while they may appear similar in men and women, the underlying reasons often differ. Factors such as genetics, overall health, past illnesses, medications, gut health, diet, stress, sleep, environmental factors and pshcological well-being all may affect hair and scalp health individually. Our personalized, one to one &#8220;Trichological Hair Analysis and Consultation&#8221; is designed to pinpoint the specific and personal causes of hair problems and create tailored cosmetic and therapeutic hair care programs to improve hair health.  When hair loss is not caused by an underlying health issue, trichological treatments can be highly effective in improving hair shedding and scalp problems. However, if the hair issue is closely linked to a health problem or any vitamin\/mineral deficiency, it requires collaboration with medical professionals. In such cases medical consultation and support should accompany the process, as failing to diagnose and manage any underlying health problems first can limit the effectiveness of hair treatments.  <\/p>\n<p><strong>What Does Trichological Hair Analysis &#038; Consultation Include?<\/strong><\/p>\n<li>One to one Consultation <\/li>\n<li>Assessment\u00a0of medical&#038;genetic history, dietary habits, medications, lifestyle, hair care habits<\/li>\n<li>Physical examination\u00a0of the hair &#038; scalp<\/li>\n<li>Video-microscopic analysis\u00a0of scalp condition and hair potential<\/li>\n<li>Hair Shedding Test:\u00a0Hair count using a\u00a0filtration method\u00a0during washing<\/li>\n<li>Examination of hair shedding (telogen hair, miniaturized hair ratio)<\/li>\n<li>Medical referral\u00a0for\u00a0blood and hormone examination, if necessary.<\/li><\/div>\n<div class=\"col-12 col-md-4\">\n<p><strong> Purpose of Hair Analysis <\/strong><\/p>\n<p>The primary goal of hair analysis is to determine.<\/p>\n<li>The severity of hair loss<\/li>\n<li>To diagnose temporary or permanent hair loss<\/li>\n<li>The potential for recovery<\/li>\n<p> Hair loss and scalp issues, particularly in women, may not just be due to genetics but can also indicate an underlying health problem. Often, hair loss and thinning begins long before medical tests detect the issue. Monitoring blood and hormone levels is key to identifying the cause of some types of hair loss. At this point, medical collaboration and professional support are essential. Regular check-ups accompanying  hair treatments can lead to significant improvement in hair health. <\/p>\n<p><strong>What follows a Trichological Hair Analysis??<\/strong><\/p>\n<p>We create a\u00a0personalized Hair Treatment Set to:<\/p>\n<li>Control hair loss<\/li>\n<li>Enhance hair quality and strength<\/li>\n<li>Restore hair elasticity and moisture<\/li>\n<li>Optimize scalp health<\/li>\n<p>We offer personalized hair care products, including lotions, shampoos, conditioners, and tonics, tailored to your needs. Our UK-developed trichological lotions target specific hair concerns, such as: <\/p>\n<li>Soothing scalp conditions<\/li>\n<li>Slowing down hair loss<\/li>\n<li>Supporting hair growth<\/li>\n<li>Revitalizing and strengthening hair<\/li>\n<li>Improving hair quality<\/li>\n<li>Enhancing hair density<\/li>\n<\/p><\/div>\n<div class=\"col-12 col-md-4\">\n        <img decoding=\"async\" class=\"img-fluid\" src=\"https:\/\/www.akademisacterapi.com\/wp-content\/uploads\/sac_analizi.jpg\" alt=\"\">\n    <\/div>\n<\/div>\n","protected":false},"excerpt":{"rendered":"<p>Trichological Consultation and Hair Analysis\u00a0aims to\u00a0find out root causes of hair loss, to personalize treatments based on the cause of hair loss and design customized support programs for each individual. We provide hair care solutions to optimize scalp health, improve hair quality, and help reduce hair loss. The Hair Concerns addressed are: Hair loss and [&hellip;]<\/p>\n","protected":false},"author":1,"featured_media":16771,"parent":16767,"menu_order":1,"comment_status":"closed","ping_status":"closed","template":"template-tabbed.php","meta":{"footnotes":""},"class_list":["post-16769","page","type-page","status-publish","has-post-thumbnail","hentry"],"yoast_head":"<!-- This site is optimized with the Yoast SEO plugin v27.0 - https:\/\/yoast.com\/product\/yoast-seo-wordpress\/ -->\n<title>Trichological Hair Analysis - Akademi Sa\u00e7 Terapi<\/title>\n<meta name=\"description\" content=\"Akademi Sa\u00e7 Terapi&#039;de sunulan trikolojik bak\u0131m programlar\u0131 ki\u015finin problemine g\u00f6re \u015fekillenerek ki\u015fiye \u00f6zel \u00e7\u00f6z\u00fcmler sunar.\" \/>\n<meta name=\"robots\" content=\"index, follow, max-snippet:-1, max-image-preview:large, max-video-preview:-1\" \/>\n<link rel=\"canonical\" href=\"https:\/\/www.akademisacterapi.com\/en\/services\/trichological-hair-analysis\/\" \/>\n<meta property=\"og:locale\" content=\"en_US\" \/>\n<meta property=\"og:type\" content=\"article\" \/>\n<meta property=\"og:title\" content=\"Trichological Hair Analysis - Akademi Sa\u00e7 Terapi\" \/>\n<meta property=\"og:description\" content=\"Akademi Sa\u00e7 Terapi&#039;de sunulan trikolojik bak\u0131m programlar\u0131 ki\u015finin problemine g\u00f6re \u015fekillenerek ki\u015fiye \u00f6zel \u00e7\u00f6z\u00fcmler sunar.\" \/>\n<meta property=\"og:url\" content=\"https:\/\/www.akademisacterapi.com\/en\/services\/trichological-hair-analysis\/\" \/>\n<meta property=\"og:site_name\" content=\"Akademi Sa\u00e7 Terapi\" \/>\n<meta property=\"article:publisher\" content=\"https:\/\/www.facebook.com\/akademisacterapi\" \/>\n<meta property=\"article:modified_time\" content=\"2025-03-26T09:36:00+00:00\" \/>\n<meta property=\"og:image\" content=\"https:\/\/www.akademisacterapi.com\/wp-content\/uploads\/1hizmetler-kisiyeozelsacbakimi.jpg\" \/>\n\t<meta property=\"og:image:width\" content=\"768\" \/>\n\t<meta property=\"og:image:height\" content=\"580\" \/>\n\t<meta property=\"og:image:type\" content=\"image\/jpeg\" \/>\n<meta name=\"twitter:card\" content=\"summary_large_image\" \/>\n<meta name=\"twitter:site\" content=\"@akademisac\" \/>\n<meta name=\"twitter:label1\" content=\"Est. reading time\" \/>\n\t<meta name=\"twitter:data1\" content=\"4 minutes\" \/>\n<script type=\"application\/ld+json\" class=\"yoast-schema-graph\">{\"@context\":\"https:\/\/schema.org\",\"@graph\":[{\"@type\":\"WebPage\",\"@id\":\"https:\/\/www.akademisacterapi.com\/en\/services\/trichological-hair-analysis\/\",\"url\":\"https:\/\/www.akademisacterapi.com\/en\/services\/trichological-hair-analysis\/\",\"name\":\"Trichological Hair Analysis - Akademi Sa\u00e7 Terapi\",\"isPartOf\":{\"@id\":\"https:\/\/www.akademisacterapi.com\/en\/#website\"},\"primaryImageOfPage\":{\"@id\":\"https:\/\/www.akademisacterapi.com\/en\/services\/trichological-hair-analysis\/#primaryimage\"},\"image\":{\"@id\":\"https:\/\/www.akademisacterapi.com\/en\/services\/trichological-hair-analysis\/#primaryimage\"},\"thumbnailUrl\":\"https:\/\/www.akademisacterapi.com\/wp-content\/uploads\/1hizmetler-kisiyeozelsacbakimi.jpg\",\"datePublished\":\"2017-03-02T08:51:06+00:00\",\"dateModified\":\"2025-03-26T09:36:00+00:00\",\"description\":\"Akademi Sa\u00e7 Terapi'de sunulan trikolojik bak\u0131m programlar\u0131 ki\u015finin problemine g\u00f6re \u015fekillenerek ki\u015fiye \u00f6zel \u00e7\u00f6z\u00fcmler sunar.\",\"breadcrumb\":{\"@id\":\"https:\/\/www.akademisacterapi.com\/en\/services\/trichological-hair-analysis\/#breadcrumb\"},\"inLanguage\":\"en-US\",\"potentialAction\":[{\"@type\":\"ReadAction\",\"target\":[\"https:\/\/www.akademisacterapi.com\/en\/services\/trichological-hair-analysis\/\"]}]},{\"@type\":\"ImageObject\",\"inLanguage\":\"en-US\",\"@id\":\"https:\/\/www.akademisacterapi.com\/en\/services\/trichological-hair-analysis\/#primaryimage\",\"url\":\"https:\/\/www.akademisacterapi.com\/wp-content\/uploads\/1hizmetler-kisiyeozelsacbakimi.jpg\",\"contentUrl\":\"https:\/\/www.akademisacterapi.com\/wp-content\/uploads\/1hizmetler-kisiyeozelsacbakimi.jpg\",\"width\":768,\"height\":580},{\"@type\":\"BreadcrumbList\",\"@id\":\"https:\/\/www.akademisacterapi.com\/en\/services\/trichological-hair-analysis\/#breadcrumb\",\"itemListElement\":[{\"@type\":\"ListItem\",\"position\":1,\"name\":\"Ana Sayfa\",\"item\":\"https:\/\/www.akademisacterapi.com\/en\/homepage\/\"},{\"@type\":\"ListItem\",\"position\":2,\"name\":\"Services\",\"item\":\"https:\/\/www.akademisacterapi.com\/en\/services\/\"},{\"@type\":\"ListItem\",\"position\":3,\"name\":\"Trichological Hair Analysis\"}]},{\"@type\":\"WebSite\",\"@id\":\"https:\/\/www.akademisacterapi.com\/en\/#website\",\"url\":\"https:\/\/www.akademisacterapi.com\/en\/\",\"name\":\"Akademi Sa\u00e7 Terapi\",\"description\":\"Akademi Sa\u00e7 Terapi, sa\u00e7 sa\u011fl\u0131\u011f\u0131n\u0131 ve sa\u00e7 kalitesini iyile\u015ftirmek, sa\u00e7 kayb\u0131n\u0131 yava\u015flatmak hedefli dan\u0131\u015fmanl\u0131k ve bak\u0131m hizmeti veren bir merkezdir.\",\"publisher\":{\"@id\":\"https:\/\/www.akademisacterapi.com\/en\/#organization\"},\"potentialAction\":[{\"@type\":\"SearchAction\",\"target\":{\"@type\":\"EntryPoint\",\"urlTemplate\":\"https:\/\/www.akademisacterapi.com\/en\/?s={search_term_string}\"},\"query-input\":{\"@type\":\"PropertyValueSpecification\",\"valueRequired\":true,\"valueName\":\"search_term_string\"}}],\"inLanguage\":\"en-US\"},{\"@type\":\"Organization\",\"@id\":\"https:\/\/www.akademisacterapi.com\/en\/#organization\",\"name\":\"Akademi Sa\u00e7 Terapi\",\"url\":\"https:\/\/www.akademisacterapi.com\/en\/\",\"logo\":{\"@type\":\"ImageObject\",\"inLanguage\":\"en-US\",\"@id\":\"https:\/\/www.akademisacterapi.com\/en\/#\/schema\/logo\/image\/\",\"url\":\"https:\/\/www.akademisacterapi.com\/wp-content\/uploads\/ast_icon.png\",\"contentUrl\":\"https:\/\/www.akademisacterapi.com\/wp-content\/uploads\/ast_icon.png\",\"width\":250,\"height\":250,\"caption\":\"Akademi Sa\u00e7 Terapi\"},\"image\":{\"@id\":\"https:\/\/www.akademisacterapi.com\/en\/#\/schema\/logo\/image\/\"},\"sameAs\":[\"https:\/\/www.facebook.com\/akademisacterapi\",\"https:\/\/x.com\/akademisac\",\"https:\/\/www.instagram.com\/akademisacterapi\",\"https:\/\/www.youtube.com\/channel\/UCEw4x0vhD7MfpVV5DwgbUBw\"]}]}<\/script>\n<!-- \/ Yoast SEO plugin. -->","yoast_head_json":{"title":"Trichological Hair Analysis - Akademi Sa\u00e7 Terapi","description":"Akademi Sa\u00e7 Terapi'de sunulan trikolojik bak\u0131m programlar\u0131 ki\u015finin problemine g\u00f6re \u015fekillenerek ki\u015fiye \u00f6zel \u00e7\u00f6z\u00fcmler sunar.","robots":{"index":"index","follow":"follow","max-snippet":"max-snippet:-1","max-image-preview":"max-image-preview:large","max-video-preview":"max-video-preview:-1"},"canonical":"https:\/\/www.akademisacterapi.com\/en\/services\/trichological-hair-analysis\/","og_locale":"en_US","og_type":"article","og_title":"Trichological Hair Analysis - Akademi Sa\u00e7 Terapi","og_description":"Akademi Sa\u00e7 Terapi'de sunulan trikolojik bak\u0131m programlar\u0131 ki\u015finin problemine g\u00f6re \u015fekillenerek ki\u015fiye \u00f6zel \u00e7\u00f6z\u00fcmler sunar.","og_url":"https:\/\/www.akademisacterapi.com\/en\/services\/trichological-hair-analysis\/","og_site_name":"Akademi Sa\u00e7 Terapi","article_publisher":"https:\/\/www.facebook.com\/akademisacterapi","article_modified_time":"2025-03-26T09:36:00+00:00","og_image":[{"width":768,"height":580,"url":"https:\/\/www.akademisacterapi.com\/wp-content\/uploads\/1hizmetler-kisiyeozelsacbakimi.jpg","type":"image\/jpeg"}],"twitter_card":"summary_large_image","twitter_site":"@akademisac","twitter_misc":{"Est. reading time":"4 minutes"},"schema":{"@context":"https:\/\/schema.org","@graph":[{"@type":"WebPage","@id":"https:\/\/www.akademisacterapi.com\/en\/services\/trichological-hair-analysis\/","url":"https:\/\/www.akademisacterapi.com\/en\/services\/trichological-hair-analysis\/","name":"Trichological Hair Analysis - Akademi Sa\u00e7 Terapi","isPartOf":{"@id":"https:\/\/www.akademisacterapi.com\/en\/#website"},"primaryImageOfPage":{"@id":"https:\/\/www.akademisacterapi.com\/en\/services\/trichological-hair-analysis\/#primaryimage"},"image":{"@id":"https:\/\/www.akademisacterapi.com\/en\/services\/trichological-hair-analysis\/#primaryimage"},"thumbnailUrl":"https:\/\/www.akademisacterapi.com\/wp-content\/uploads\/1hizmetler-kisiyeozelsacbakimi.jpg","datePublished":"2017-03-02T08:51:06+00:00","dateModified":"2025-03-26T09:36:00+00:00","description":"Akademi Sa\u00e7 Terapi'de sunulan trikolojik bak\u0131m programlar\u0131 ki\u015finin problemine g\u00f6re \u015fekillenerek ki\u015fiye \u00f6zel \u00e7\u00f6z\u00fcmler sunar.","breadcrumb":{"@id":"https:\/\/www.akademisacterapi.com\/en\/services\/trichological-hair-analysis\/#breadcrumb"},"inLanguage":"en-US","potentialAction":[{"@type":"ReadAction","target":["https:\/\/www.akademisacterapi.com\/en\/services\/trichological-hair-analysis\/"]}]},{"@type":"ImageObject","inLanguage":"en-US","@id":"https:\/\/www.akademisacterapi.com\/en\/services\/trichological-hair-analysis\/#primaryimage","url":"https:\/\/www.akademisacterapi.com\/wp-content\/uploads\/1hizmetler-kisiyeozelsacbakimi.jpg","contentUrl":"https:\/\/www.akademisacterapi.com\/wp-content\/uploads\/1hizmetler-kisiyeozelsacbakimi.jpg","width":768,"height":580},{"@type":"BreadcrumbList","@id":"https:\/\/www.akademisacterapi.com\/en\/services\/trichological-hair-analysis\/#breadcrumb","itemListElement":[{"@type":"ListItem","position":1,"name":"Ana Sayfa","item":"https:\/\/www.akademisacterapi.com\/en\/homepage\/"},{"@type":"ListItem","position":2,"name":"Services","item":"https:\/\/www.akademisacterapi.com\/en\/services\/"},{"@type":"ListItem","position":3,"name":"Trichological Hair Analysis"}]},{"@type":"WebSite","@id":"https:\/\/www.akademisacterapi.com\/en\/#website","url":"https:\/\/www.akademisacterapi.com\/en\/","name":"Akademi Sa\u00e7 Terapi","description":"Akademi Sa\u00e7 Terapi, sa\u00e7 sa\u011fl\u0131\u011f\u0131n\u0131 ve sa\u00e7 kalitesini iyile\u015ftirmek, sa\u00e7 kayb\u0131n\u0131 yava\u015flatmak hedefli dan\u0131\u015fmanl\u0131k ve bak\u0131m hizmeti veren bir merkezdir.","publisher":{"@id":"https:\/\/www.akademisacterapi.com\/en\/#organization"},"potentialAction":[{"@type":"SearchAction","target":{"@type":"EntryPoint","urlTemplate":"https:\/\/www.akademisacterapi.com\/en\/?s={search_term_string}"},"query-input":{"@type":"PropertyValueSpecification","valueRequired":true,"valueName":"search_term_string"}}],"inLanguage":"en-US"},{"@type":"Organization","@id":"https:\/\/www.akademisacterapi.com\/en\/#organization","name":"Akademi Sa\u00e7 Terapi","url":"https:\/\/www.akademisacterapi.com\/en\/","logo":{"@type":"ImageObject","inLanguage":"en-US","@id":"https:\/\/www.akademisacterapi.com\/en\/#\/schema\/logo\/image\/","url":"https:\/\/www.akademisacterapi.com\/wp-content\/uploads\/ast_icon.png","contentUrl":"https:\/\/www.akademisacterapi.com\/wp-content\/uploads\/ast_icon.png","width":250,"height":250,"caption":"Akademi Sa\u00e7 Terapi"},"image":{"@id":"https:\/\/www.akademisacterapi.com\/en\/#\/schema\/logo\/image\/"},"sameAs":["https:\/\/www.facebook.com\/akademisacterapi","https:\/\/x.com\/akademisac","https:\/\/www.instagram.com\/akademisacterapi","https:\/\/www.youtube.com\/channel\/UCEw4x0vhD7MfpVV5DwgbUBw"]}]}},"_links":{"self":[{"href":"https:\/\/www.akademisacterapi.com\/en\/wp-json\/wp\/v2\/pages\/16769","targetHints":{"allow":["GET"]}}],"collection":[{"href":"https:\/\/www.akademisacterapi.com\/en\/wp-json\/wp\/v2\/pages"}],"about":[{"href":"https:\/\/www.akademisacterapi.com\/en\/wp-json\/wp\/v2\/types\/page"}],"author":[{"embeddable":true,"href":"https:\/\/www.akademisacterapi.com\/en\/wp-json\/wp\/v2\/users\/1"}],"replies":[{"embeddable":true,"href":"https:\/\/www.akademisacterapi.com\/en\/wp-json\/wp\/v2\/comments?post=16769"}],"version-history":[{"count":0,"href":"https:\/\/www.akademisacterapi.com\/en\/wp-json\/wp\/v2\/pages\/16769\/revisions"}],"up":[{"embeddable":true,"href":"https:\/\/www.akademisacterapi.com\/en\/wp-json\/wp\/v2\/pages\/16767"}],"wp:featuredmedia":[{"embeddable":true,"href":"https:\/\/www.akademisacterapi.com\/en\/wp-json\/wp\/v2\/media\/16771"}],"wp:attachment":[{"href":"https:\/\/www.akademisacterapi.com\/en\/wp-json\/wp\/v2\/media?parent=16769"}],"curies":[{"name":"wp","href":"https:\/\/api.w.org\/{rel}","templated":true}]}}