{"id":16763,"date":"2017-03-02T10:34:34","date_gmt":"2017-03-02T07:34:34","guid":{"rendered":"https:\/\/www.akademisacterapi.com\/corporate\/trikoloji-nedir\/"},"modified":"2025-03-24T11:05:32","modified_gmt":"2025-03-24T08:05:32","slug":"what-is-trichology","status":"publish","type":"page","link":"https:\/\/www.akademisacterapi.com\/en\/corporate\/what-is-trichology\/","title":{"rendered":"What is Trichology?"},"content":{"rendered":"<h2>Trichology is the scientific study of the hair and scalp. The term\u00a0&#8220;Trichology&#8221;\u00a0is derived from the Greek word\u00a0\u201ctrichos&#8221;,\u00a0meaning\u00a0&#8220;hair.&#8221;\u00a0First used in 1860s, now widely recognized as the\u00a0science of hair. <\/h2>\n<div class=\"row\">\n<div class=\"col-12 col-md-4\">\n<p>Trichology is a\u00a0scientific discipline\u00a0that involves the\u00a0study, diagnosis, and treatment of hair and scalp disorders\u00a0using scientific research, advanced technology, medical and cosmetic treatments.\n<\/p>\n<p> It focuses on understanding the structure, function, and diseases related to hair and scalp, as well as diagnosing and treating conditions like hair loss, dandruff, scalp irritation, other hair-related issues and the factors that affect hair health (like nutrition, lifestyle, and hormones). It incorporates the techniques, the use of treatments or products to improve hair and scalp conditions. <\/p>\n<p> Trichologists are experts who provide non-medical solutions for various scalp and hair problems, working independently or collaborating with dermatologists and other healthcare providers.  Certified Trichologists offer individual consultations and may work with medical professionals in  hospital services, enhancing cosmetic and therapeutic treatments.  <\/p>\n<\/p><\/div>\n<div class=\"col-12 col-md-4\">\n<p>They can also act as expert witnesses in legal proceedings related to hair damage from hairdressing, offering specialized testimony on the cause, extent, and nature of the damage. <\/p>\n<p>The concept of Trichological Consultancy was first introduced in London in 1902 with the founding of The Institute of Trichologists, which offers one of the most prestigious and internationally recognized diplomas in the field. Today, certified trichology education programs are offered by various institutions across the globe benefiting professionals from different fields of  health care , cosmetic and hairdressing. <\/p>\n<p> As of 2021, efforts in the UK aim to standardize Trichology education and establish it as a recognized allied healthcare field with clear guidelines. <\/p>\n<\/p><\/div>\n<div class=\"col-12 col-md-4\">\n        <img decoding=\"async\" class=\"img-fluid\" src=\"https:\/\/www.akademisacterapi.com\/wp-content\/uploads\/trikoloji_nedir.jpg\" alt=\"\" \/>\n    <\/div>\n<\/div>\n","protected":false},"excerpt":{"rendered":"<p>Trichology is the scientific study of the hair and scalp. The term\u00a0&#8220;Trichology&#8221;\u00a0is derived from the Greek word\u00a0\u201ctrichos&#8221;,\u00a0meaning\u00a0&#8220;hair.&#8221;\u00a0First used in 1860s, now widely recognized as the\u00a0science of hair. Trichology is a\u00a0scientific discipline\u00a0that involves the\u00a0study, diagnosis, and treatment of hair and scalp disorders\u00a0using scientific research, advanced technology, medical and cosmetic treatments. It focuses on understanding the structure, [&hellip;]<\/p>\n","protected":false},"author":1,"featured_media":16765,"parent":16750,"menu_order":2,"comment_status":"closed","ping_status":"closed","template":"template-tabbed.php","meta":{"footnotes":""},"class_list":["post-16763","page","type-page","status-publish","has-post-thumbnail","hentry"],"yoast_head":"<!-- This site is optimized with the Yoast SEO plugin v27.0 - https:\/\/yoast.com\/product\/yoast-seo-wordpress\/ -->\n<title>What is Trichology? - Akademi Sa\u00e7 Terapi<\/title>\n<meta name=\"description\" content=\"Yunanca &quot;trichos&quot; sa\u00e7 kelimesinden t\u00fcretilen &quot;Trikoloji&quot;, sa\u00e7 ve sa\u00e7 derisi ile ilgili sorunlar\u0131n te\u015fhisinde ve \u00e7\u00f6z\u00fcm\u00fcnde uygulanan bilimsel y\u00f6ntemlerdir.\" \/>\n<meta name=\"robots\" content=\"index, follow, max-snippet:-1, max-image-preview:large, max-video-preview:-1\" \/>\n<link rel=\"canonical\" href=\"https:\/\/www.akademisacterapi.com\/en\/corporate\/what-is-trichology\/\" \/>\n<meta property=\"og:locale\" content=\"en_US\" \/>\n<meta property=\"og:type\" content=\"article\" \/>\n<meta property=\"og:title\" content=\"What is Trichology? - Akademi Sa\u00e7 Terapi\" \/>\n<meta property=\"og:description\" content=\"Yunanca &quot;trichos&quot; sa\u00e7 kelimesinden t\u00fcretilen &quot;Trikoloji&quot;, sa\u00e7 ve sa\u00e7 derisi ile ilgili sorunlar\u0131n te\u015fhisinde ve \u00e7\u00f6z\u00fcm\u00fcnde uygulanan bilimsel y\u00f6ntemlerdir.\" \/>\n<meta property=\"og:url\" content=\"https:\/\/www.akademisacterapi.com\/en\/corporate\/what-is-trichology\/\" \/>\n<meta property=\"og:site_name\" content=\"Akademi Sa\u00e7 Terapi\" \/>\n<meta property=\"article:publisher\" content=\"https:\/\/www.facebook.com\/akademisacterapi\" \/>\n<meta property=\"article:modified_time\" content=\"2025-03-24T08:05:32+00:00\" \/>\n<meta property=\"og:image\" content=\"https:\/\/www.akademisacterapi.com\/wp-content\/uploads\/2kurumsal-tirkolojinedir.jpg\" \/>\n\t<meta property=\"og:image:width\" content=\"768\" \/>\n\t<meta property=\"og:image:height\" content=\"580\" \/>\n\t<meta property=\"og:image:type\" content=\"image\/jpeg\" \/>\n<meta name=\"twitter:card\" content=\"summary_large_image\" \/>\n<meta name=\"twitter:site\" content=\"@akademisac\" \/>\n<meta name=\"twitter:label1\" content=\"Est. reading time\" \/>\n\t<meta name=\"twitter:data1\" content=\"3 minutes\" \/>\n<script type=\"application\/ld+json\" class=\"yoast-schema-graph\">{\"@context\":\"https:\/\/schema.org\",\"@graph\":[{\"@type\":\"WebPage\",\"@id\":\"https:\/\/www.akademisacterapi.com\/en\/corporate\/what-is-trichology\/\",\"url\":\"https:\/\/www.akademisacterapi.com\/en\/corporate\/what-is-trichology\/\",\"name\":\"What is Trichology? - Akademi Sa\u00e7 Terapi\",\"isPartOf\":{\"@id\":\"https:\/\/www.akademisacterapi.com\/en\/#website\"},\"primaryImageOfPage\":{\"@id\":\"https:\/\/www.akademisacterapi.com\/en\/corporate\/what-is-trichology\/#primaryimage\"},\"image\":{\"@id\":\"https:\/\/www.akademisacterapi.com\/en\/corporate\/what-is-trichology\/#primaryimage\"},\"thumbnailUrl\":\"https:\/\/www.akademisacterapi.com\/wp-content\/uploads\/2kurumsal-tirkolojinedir.jpg\",\"datePublished\":\"2017-03-02T07:34:34+00:00\",\"dateModified\":\"2025-03-24T08:05:32+00:00\",\"description\":\"Yunanca \\\"trichos\\\" sa\u00e7 kelimesinden t\u00fcretilen \\\"Trikoloji\\\", sa\u00e7 ve sa\u00e7 derisi ile ilgili sorunlar\u0131n te\u015fhisinde ve \u00e7\u00f6z\u00fcm\u00fcnde uygulanan bilimsel y\u00f6ntemlerdir.\",\"breadcrumb\":{\"@id\":\"https:\/\/www.akademisacterapi.com\/en\/corporate\/what-is-trichology\/#breadcrumb\"},\"inLanguage\":\"en-US\",\"potentialAction\":[{\"@type\":\"ReadAction\",\"target\":[\"https:\/\/www.akademisacterapi.com\/en\/corporate\/what-is-trichology\/\"]}]},{\"@type\":\"ImageObject\",\"inLanguage\":\"en-US\",\"@id\":\"https:\/\/www.akademisacterapi.com\/en\/corporate\/what-is-trichology\/#primaryimage\",\"url\":\"https:\/\/www.akademisacterapi.com\/wp-content\/uploads\/2kurumsal-tirkolojinedir.jpg\",\"contentUrl\":\"https:\/\/www.akademisacterapi.com\/wp-content\/uploads\/2kurumsal-tirkolojinedir.jpg\",\"width\":768,\"height\":580},{\"@type\":\"BreadcrumbList\",\"@id\":\"https:\/\/www.akademisacterapi.com\/en\/corporate\/what-is-trichology\/#breadcrumb\",\"itemListElement\":[{\"@type\":\"ListItem\",\"position\":1,\"name\":\"Ana Sayfa\",\"item\":\"https:\/\/www.akademisacterapi.com\/en\/homepage\/\"},{\"@type\":\"ListItem\",\"position\":2,\"name\":\"Corporate\",\"item\":\"https:\/\/www.akademisacterapi.com\/en\/corporate\/\"},{\"@type\":\"ListItem\",\"position\":3,\"name\":\"What is Trichology?\"}]},{\"@type\":\"WebSite\",\"@id\":\"https:\/\/www.akademisacterapi.com\/en\/#website\",\"url\":\"https:\/\/www.akademisacterapi.com\/en\/\",\"name\":\"Akademi Sa\u00e7 Terapi\",\"description\":\"Akademi Sa\u00e7 Terapi, sa\u00e7 sa\u011fl\u0131\u011f\u0131n\u0131 ve sa\u00e7 kalitesini iyile\u015ftirmek, sa\u00e7 kayb\u0131n\u0131 yava\u015flatmak hedefli dan\u0131\u015fmanl\u0131k ve bak\u0131m hizmeti veren bir merkezdir.\",\"publisher\":{\"@id\":\"https:\/\/www.akademisacterapi.com\/en\/#organization\"},\"potentialAction\":[{\"@type\":\"SearchAction\",\"target\":{\"@type\":\"EntryPoint\",\"urlTemplate\":\"https:\/\/www.akademisacterapi.com\/en\/?s={search_term_string}\"},\"query-input\":{\"@type\":\"PropertyValueSpecification\",\"valueRequired\":true,\"valueName\":\"search_term_string\"}}],\"inLanguage\":\"en-US\"},{\"@type\":\"Organization\",\"@id\":\"https:\/\/www.akademisacterapi.com\/en\/#organization\",\"name\":\"Akademi Sa\u00e7 Terapi\",\"url\":\"https:\/\/www.akademisacterapi.com\/en\/\",\"logo\":{\"@type\":\"ImageObject\",\"inLanguage\":\"en-US\",\"@id\":\"https:\/\/www.akademisacterapi.com\/en\/#\/schema\/logo\/image\/\",\"url\":\"https:\/\/www.akademisacterapi.com\/wp-content\/uploads\/ast_icon.png\",\"contentUrl\":\"https:\/\/www.akademisacterapi.com\/wp-content\/uploads\/ast_icon.png\",\"width\":250,\"height\":250,\"caption\":\"Akademi Sa\u00e7 Terapi\"},\"image\":{\"@id\":\"https:\/\/www.akademisacterapi.com\/en\/#\/schema\/logo\/image\/\"},\"sameAs\":[\"https:\/\/www.facebook.com\/akademisacterapi\",\"https:\/\/x.com\/akademisac\",\"https:\/\/www.instagram.com\/akademisacterapi\",\"https:\/\/www.youtube.com\/channel\/UCEw4x0vhD7MfpVV5DwgbUBw\"]}]}<\/script>\n<!-- \/ Yoast SEO plugin. -->","yoast_head_json":{"title":"What is Trichology? - Akademi Sa\u00e7 Terapi","description":"Yunanca \"trichos\" sa\u00e7 kelimesinden t\u00fcretilen \"Trikoloji\", sa\u00e7 ve sa\u00e7 derisi ile ilgili sorunlar\u0131n te\u015fhisinde ve \u00e7\u00f6z\u00fcm\u00fcnde uygulanan bilimsel y\u00f6ntemlerdir.","robots":{"index":"index","follow":"follow","max-snippet":"max-snippet:-1","max-image-preview":"max-image-preview:large","max-video-preview":"max-video-preview:-1"},"canonical":"https:\/\/www.akademisacterapi.com\/en\/corporate\/what-is-trichology\/","og_locale":"en_US","og_type":"article","og_title":"What is Trichology? - Akademi Sa\u00e7 Terapi","og_description":"Yunanca \"trichos\" sa\u00e7 kelimesinden t\u00fcretilen \"Trikoloji\", sa\u00e7 ve sa\u00e7 derisi ile ilgili sorunlar\u0131n te\u015fhisinde ve \u00e7\u00f6z\u00fcm\u00fcnde uygulanan bilimsel y\u00f6ntemlerdir.","og_url":"https:\/\/www.akademisacterapi.com\/en\/corporate\/what-is-trichology\/","og_site_name":"Akademi Sa\u00e7 Terapi","article_publisher":"https:\/\/www.facebook.com\/akademisacterapi","article_modified_time":"2025-03-24T08:05:32+00:00","og_image":[{"width":768,"height":580,"url":"https:\/\/www.akademisacterapi.com\/wp-content\/uploads\/2kurumsal-tirkolojinedir.jpg","type":"image\/jpeg"}],"twitter_card":"summary_large_image","twitter_site":"@akademisac","twitter_misc":{"Est. reading time":"3 minutes"},"schema":{"@context":"https:\/\/schema.org","@graph":[{"@type":"WebPage","@id":"https:\/\/www.akademisacterapi.com\/en\/corporate\/what-is-trichology\/","url":"https:\/\/www.akademisacterapi.com\/en\/corporate\/what-is-trichology\/","name":"What is Trichology? - Akademi Sa\u00e7 Terapi","isPartOf":{"@id":"https:\/\/www.akademisacterapi.com\/en\/#website"},"primaryImageOfPage":{"@id":"https:\/\/www.akademisacterapi.com\/en\/corporate\/what-is-trichology\/#primaryimage"},"image":{"@id":"https:\/\/www.akademisacterapi.com\/en\/corporate\/what-is-trichology\/#primaryimage"},"thumbnailUrl":"https:\/\/www.akademisacterapi.com\/wp-content\/uploads\/2kurumsal-tirkolojinedir.jpg","datePublished":"2017-03-02T07:34:34+00:00","dateModified":"2025-03-24T08:05:32+00:00","description":"Yunanca \"trichos\" sa\u00e7 kelimesinden t\u00fcretilen \"Trikoloji\", sa\u00e7 ve sa\u00e7 derisi ile ilgili sorunlar\u0131n te\u015fhisinde ve \u00e7\u00f6z\u00fcm\u00fcnde uygulanan bilimsel y\u00f6ntemlerdir.","breadcrumb":{"@id":"https:\/\/www.akademisacterapi.com\/en\/corporate\/what-is-trichology\/#breadcrumb"},"inLanguage":"en-US","potentialAction":[{"@type":"ReadAction","target":["https:\/\/www.akademisacterapi.com\/en\/corporate\/what-is-trichology\/"]}]},{"@type":"ImageObject","inLanguage":"en-US","@id":"https:\/\/www.akademisacterapi.com\/en\/corporate\/what-is-trichology\/#primaryimage","url":"https:\/\/www.akademisacterapi.com\/wp-content\/uploads\/2kurumsal-tirkolojinedir.jpg","contentUrl":"https:\/\/www.akademisacterapi.com\/wp-content\/uploads\/2kurumsal-tirkolojinedir.jpg","width":768,"height":580},{"@type":"BreadcrumbList","@id":"https:\/\/www.akademisacterapi.com\/en\/corporate\/what-is-trichology\/#breadcrumb","itemListElement":[{"@type":"ListItem","position":1,"name":"Ana Sayfa","item":"https:\/\/www.akademisacterapi.com\/en\/homepage\/"},{"@type":"ListItem","position":2,"name":"Corporate","item":"https:\/\/www.akademisacterapi.com\/en\/corporate\/"},{"@type":"ListItem","position":3,"name":"What is Trichology?"}]},{"@type":"WebSite","@id":"https:\/\/www.akademisacterapi.com\/en\/#website","url":"https:\/\/www.akademisacterapi.com\/en\/","name":"Akademi Sa\u00e7 Terapi","description":"Akademi Sa\u00e7 Terapi, sa\u00e7 sa\u011fl\u0131\u011f\u0131n\u0131 ve sa\u00e7 kalitesini iyile\u015ftirmek, sa\u00e7 kayb\u0131n\u0131 yava\u015flatmak hedefli dan\u0131\u015fmanl\u0131k ve bak\u0131m hizmeti veren bir merkezdir.","publisher":{"@id":"https:\/\/www.akademisacterapi.com\/en\/#organization"},"potentialAction":[{"@type":"SearchAction","target":{"@type":"EntryPoint","urlTemplate":"https:\/\/www.akademisacterapi.com\/en\/?s={search_term_string}"},"query-input":{"@type":"PropertyValueSpecification","valueRequired":true,"valueName":"search_term_string"}}],"inLanguage":"en-US"},{"@type":"Organization","@id":"https:\/\/www.akademisacterapi.com\/en\/#organization","name":"Akademi Sa\u00e7 Terapi","url":"https:\/\/www.akademisacterapi.com\/en\/","logo":{"@type":"ImageObject","inLanguage":"en-US","@id":"https:\/\/www.akademisacterapi.com\/en\/#\/schema\/logo\/image\/","url":"https:\/\/www.akademisacterapi.com\/wp-content\/uploads\/ast_icon.png","contentUrl":"https:\/\/www.akademisacterapi.com\/wp-content\/uploads\/ast_icon.png","width":250,"height":250,"caption":"Akademi Sa\u00e7 Terapi"},"image":{"@id":"https:\/\/www.akademisacterapi.com\/en\/#\/schema\/logo\/image\/"},"sameAs":["https:\/\/www.facebook.com\/akademisacterapi","https:\/\/x.com\/akademisac","https:\/\/www.instagram.com\/akademisacterapi","https:\/\/www.youtube.com\/channel\/UCEw4x0vhD7MfpVV5DwgbUBw"]}]}},"_links":{"self":[{"href":"https:\/\/www.akademisacterapi.com\/en\/wp-json\/wp\/v2\/pages\/16763","targetHints":{"allow":["GET"]}}],"collection":[{"href":"https:\/\/www.akademisacterapi.com\/en\/wp-json\/wp\/v2\/pages"}],"about":[{"href":"https:\/\/www.akademisacterapi.com\/en\/wp-json\/wp\/v2\/types\/page"}],"author":[{"embeddable":true,"href":"https:\/\/www.akademisacterapi.com\/en\/wp-json\/wp\/v2\/users\/1"}],"replies":[{"embeddable":true,"href":"https:\/\/www.akademisacterapi.com\/en\/wp-json\/wp\/v2\/comments?post=16763"}],"version-history":[{"count":0,"href":"https:\/\/www.akademisacterapi.com\/en\/wp-json\/wp\/v2\/pages\/16763\/revisions"}],"up":[{"embeddable":true,"href":"https:\/\/www.akademisacterapi.com\/en\/wp-json\/wp\/v2\/pages\/16750"}],"wp:featuredmedia":[{"embeddable":true,"href":"https:\/\/www.akademisacterapi.com\/en\/wp-json\/wp\/v2\/media\/16765"}],"wp:attachment":[{"href":"https:\/\/www.akademisacterapi.com\/en\/wp-json\/wp\/v2\/media?parent=16763"}],"curies":[{"name":"wp","href":"https:\/\/api.w.org\/{rel}","templated":true}]}}