{"id":16760,"date":"2017-03-02T10:46:37","date_gmt":"2017-03-02T07:46:37","guid":{"rendered":"https:\/\/www.akademisacterapi.com\/?page_id=16760"},"modified":"2025-03-17T16:37:21","modified_gmt":"2025-03-17T13:37:21","slug":"evrim-bayraktar","status":"publish","type":"page","link":"https:\/\/www.akademisacterapi.com\/en\/corporate\/our-team\/evrim-bayraktar\/","title":{"rendered":"Evrim Bayraktar, Trichologist"},"content":{"rendered":"<div class=\"row\">\n<div class=\"col-12 col-md-4\">\n<p>Evrim Bayraktar (1977) graduated from Dar\u00fc\u015f\u015fafaka High School; majored Economics at Istanbul University in Turkey and pursued a Marketing degree at Rhode Island College, USA before transitioning into the field of Trichology. Evrim received extensive Trichology training in Thailand and Singapore by joining the Svenson Group, headquartered in the UK; followed by two years of specialized education in the UK, where she participated in clinical studies for further expertise.<\/p>\n<p>Her certification from The Institute of Trichologists, one of the most prestigious and medically-backed institutions in the field, provided her with advanced knowledge and techniques through a two-year medically-grounded education, establishing her as a highly skilled Trichologist.\n<\/p>\n<\/p><\/div>\n<div class=\"col-12 col-md-4\">\n<p>Between 2006 and 2009, she worked for &#8220;The Center for Hair Care,&#8221; Turkey\u2019s first Hair Care and Consulting Center. In 2009, she co-founded Academy Hair Therapy Center with Burcu \u00c7ay\u00f6z\u00fc, a licensed Trichologist. With her extensive experience and prestigious Trichology diploma, Evrim is an expert in hair and scalp health, in global standards.<\/p>\n<p>She is also a member of the International Association of Trichologists (AIT) and European Hair Research Society and a certified Functional Medicine Health Coach.\n<\/p>\n<\/p><\/div>\n<div class=\"col-12 col-md-4\">\n        <img decoding=\"async\" class=\"img-fluid\" src=\"https:\/\/www.akademisacterapi.com\/wp-content\/uploads\/evrim-bayraktar.jpg\" alt=\"Evrim Bayraktar\">\n    <\/div>\n<\/div>\n","protected":false},"excerpt":{"rendered":"<p>Evrim Bayraktar (1977) graduated from Dar\u00fc\u015f\u015fafaka High School; majored Economics at Istanbul University in Turkey and pursued a Marketing degree at Rhode Island College, USA before transitioning into the field of Trichology. Evrim received extensive Trichology training in Thailand and Singapore by joining the Svenson Group, headquartered in the UK; followed by two years of [&hellip;]<\/p>\n","protected":false},"author":1,"featured_media":0,"parent":16755,"menu_order":0,"comment_status":"closed","ping_status":"closed","template":"template-tabbed.php","meta":{"footnotes":""},"class_list":["post-16760","page","type-page","status-publish","hentry"],"yoast_head":"<!-- This site is optimized with the Yoast SEO plugin v27.0 - https:\/\/yoast.com\/product\/yoast-seo-wordpress\/ -->\n<title>Evrim Bayraktar, Trichologist - Akademi Sa\u00e7 Terapi<\/title>\n<meta name=\"robots\" content=\"index, follow, max-snippet:-1, max-image-preview:large, max-video-preview:-1\" \/>\n<link rel=\"canonical\" href=\"https:\/\/www.akademisacterapi.com\/en\/corporate\/our-team\/evrim-bayraktar\/\" \/>\n<meta property=\"og:locale\" content=\"en_US\" \/>\n<meta property=\"og:type\" content=\"article\" \/>\n<meta property=\"og:title\" content=\"Evrim Bayraktar, Trichologist - Akademi Sa\u00e7 Terapi\" \/>\n<meta property=\"og:description\" content=\"Evrim Bayraktar (1977) graduated from Dar\u00fc\u015f\u015fafaka High School; majored Economics at Istanbul University in Turkey and pursued a Marketing degree at Rhode Island College, USA before transitioning into the field of Trichology. Evrim received extensive Trichology training in Thailand and Singapore by joining the Svenson Group, headquartered in the UK; followed by two years of [&hellip;]\" \/>\n<meta property=\"og:url\" content=\"https:\/\/www.akademisacterapi.com\/en\/corporate\/our-team\/evrim-bayraktar\/\" \/>\n<meta property=\"og:site_name\" content=\"Akademi Sa\u00e7 Terapi\" \/>\n<meta property=\"article:publisher\" content=\"https:\/\/www.facebook.com\/akademisacterapi\" \/>\n<meta property=\"article:modified_time\" content=\"2025-03-17T13:37:21+00:00\" \/>\n<meta property=\"og:image\" content=\"https:\/\/www.akademisacterapi.com\/wp-content\/uploads\/evrim-bayraktar.jpg\" \/>\n<meta name=\"twitter:card\" content=\"summary_large_image\" \/>\n<meta name=\"twitter:site\" content=\"@akademisac\" \/>\n<meta name=\"twitter:label1\" content=\"Est. reading time\" \/>\n\t<meta name=\"twitter:data1\" content=\"2 minutes\" \/>\n<script type=\"application\/ld+json\" class=\"yoast-schema-graph\">{\"@context\":\"https:\/\/schema.org\",\"@graph\":[{\"@type\":\"WebPage\",\"@id\":\"https:\/\/www.akademisacterapi.com\/en\/corporate\/our-team\/evrim-bayraktar\/\",\"url\":\"https:\/\/www.akademisacterapi.com\/en\/corporate\/our-team\/evrim-bayraktar\/\",\"name\":\"Evrim Bayraktar, Trichologist - Akademi Sa\u00e7 Terapi\",\"isPartOf\":{\"@id\":\"https:\/\/www.akademisacterapi.com\/en\/#website\"},\"primaryImageOfPage\":{\"@id\":\"https:\/\/www.akademisacterapi.com\/en\/corporate\/our-team\/evrim-bayraktar\/#primaryimage\"},\"image\":{\"@id\":\"https:\/\/www.akademisacterapi.com\/en\/corporate\/our-team\/evrim-bayraktar\/#primaryimage\"},\"thumbnailUrl\":\"https:\/\/www.akademisacterapi.com\/wp-content\/uploads\/evrim-bayraktar.jpg\",\"datePublished\":\"2017-03-02T07:46:37+00:00\",\"dateModified\":\"2025-03-17T13:37:21+00:00\",\"breadcrumb\":{\"@id\":\"https:\/\/www.akademisacterapi.com\/en\/corporate\/our-team\/evrim-bayraktar\/#breadcrumb\"},\"inLanguage\":\"en-US\",\"potentialAction\":[{\"@type\":\"ReadAction\",\"target\":[\"https:\/\/www.akademisacterapi.com\/en\/corporate\/our-team\/evrim-bayraktar\/\"]}]},{\"@type\":\"ImageObject\",\"inLanguage\":\"en-US\",\"@id\":\"https:\/\/www.akademisacterapi.com\/en\/corporate\/our-team\/evrim-bayraktar\/#primaryimage\",\"url\":\"https:\/\/www.akademisacterapi.com\/wp-content\/uploads\/evrim-bayraktar.jpg\",\"contentUrl\":\"https:\/\/www.akademisacterapi.com\/wp-content\/uploads\/evrim-bayraktar.jpg\"},{\"@type\":\"BreadcrumbList\",\"@id\":\"https:\/\/www.akademisacterapi.com\/en\/corporate\/our-team\/evrim-bayraktar\/#breadcrumb\",\"itemListElement\":[{\"@type\":\"ListItem\",\"position\":1,\"name\":\"Ana Sayfa\",\"item\":\"https:\/\/www.akademisacterapi.com\/en\/homepage\/\"},{\"@type\":\"ListItem\",\"position\":2,\"name\":\"Corporate\",\"item\":\"https:\/\/www.akademisacterapi.com\/en\/corporate\/\"},{\"@type\":\"ListItem\",\"position\":3,\"name\":\"Our Team\",\"item\":\"https:\/\/www.akademisacterapi.com\/en\/corporate\/our-team\/\"},{\"@type\":\"ListItem\",\"position\":4,\"name\":\"Evrim Bayraktar, Trichologist\"}]},{\"@type\":\"WebSite\",\"@id\":\"https:\/\/www.akademisacterapi.com\/en\/#website\",\"url\":\"https:\/\/www.akademisacterapi.com\/en\/\",\"name\":\"Akademi Sa\u00e7 Terapi\",\"description\":\"Akademi Sa\u00e7 Terapi, sa\u00e7 sa\u011fl\u0131\u011f\u0131n\u0131 ve sa\u00e7 kalitesini iyile\u015ftirmek, sa\u00e7 kayb\u0131n\u0131 yava\u015flatmak hedefli dan\u0131\u015fmanl\u0131k ve bak\u0131m hizmeti veren bir merkezdir.\",\"publisher\":{\"@id\":\"https:\/\/www.akademisacterapi.com\/en\/#organization\"},\"potentialAction\":[{\"@type\":\"SearchAction\",\"target\":{\"@type\":\"EntryPoint\",\"urlTemplate\":\"https:\/\/www.akademisacterapi.com\/en\/?s={search_term_string}\"},\"query-input\":{\"@type\":\"PropertyValueSpecification\",\"valueRequired\":true,\"valueName\":\"search_term_string\"}}],\"inLanguage\":\"en-US\"},{\"@type\":\"Organization\",\"@id\":\"https:\/\/www.akademisacterapi.com\/en\/#organization\",\"name\":\"Akademi Sa\u00e7 Terapi\",\"url\":\"https:\/\/www.akademisacterapi.com\/en\/\",\"logo\":{\"@type\":\"ImageObject\",\"inLanguage\":\"en-US\",\"@id\":\"https:\/\/www.akademisacterapi.com\/en\/#\/schema\/logo\/image\/\",\"url\":\"https:\/\/www.akademisacterapi.com\/wp-content\/uploads\/ast_icon.png\",\"contentUrl\":\"https:\/\/www.akademisacterapi.com\/wp-content\/uploads\/ast_icon.png\",\"width\":250,\"height\":250,\"caption\":\"Akademi Sa\u00e7 Terapi\"},\"image\":{\"@id\":\"https:\/\/www.akademisacterapi.com\/en\/#\/schema\/logo\/image\/\"},\"sameAs\":[\"https:\/\/www.facebook.com\/akademisacterapi\",\"https:\/\/x.com\/akademisac\",\"https:\/\/www.instagram.com\/akademisacterapi\",\"https:\/\/www.youtube.com\/channel\/UCEw4x0vhD7MfpVV5DwgbUBw\"]}]}<\/script>\n<!-- \/ Yoast SEO plugin. -->","yoast_head_json":{"title":"Evrim Bayraktar, Trichologist - Akademi Sa\u00e7 Terapi","robots":{"index":"index","follow":"follow","max-snippet":"max-snippet:-1","max-image-preview":"max-image-preview:large","max-video-preview":"max-video-preview:-1"},"canonical":"https:\/\/www.akademisacterapi.com\/en\/corporate\/our-team\/evrim-bayraktar\/","og_locale":"en_US","og_type":"article","og_title":"Evrim Bayraktar, Trichologist - Akademi Sa\u00e7 Terapi","og_description":"Evrim Bayraktar (1977) graduated from Dar\u00fc\u015f\u015fafaka High School; majored Economics at Istanbul University in Turkey and pursued a Marketing degree at Rhode Island College, USA before transitioning into the field of Trichology. Evrim received extensive Trichology training in Thailand and Singapore by joining the Svenson Group, headquartered in the UK; followed by two years of [&hellip;]","og_url":"https:\/\/www.akademisacterapi.com\/en\/corporate\/our-team\/evrim-bayraktar\/","og_site_name":"Akademi Sa\u00e7 Terapi","article_publisher":"https:\/\/www.facebook.com\/akademisacterapi","article_modified_time":"2025-03-17T13:37:21+00:00","og_image":[{"url":"https:\/\/www.akademisacterapi.com\/wp-content\/uploads\/evrim-bayraktar.jpg","type":"","width":"","height":""}],"twitter_card":"summary_large_image","twitter_site":"@akademisac","twitter_misc":{"Est. reading time":"2 minutes"},"schema":{"@context":"https:\/\/schema.org","@graph":[{"@type":"WebPage","@id":"https:\/\/www.akademisacterapi.com\/en\/corporate\/our-team\/evrim-bayraktar\/","url":"https:\/\/www.akademisacterapi.com\/en\/corporate\/our-team\/evrim-bayraktar\/","name":"Evrim Bayraktar, Trichologist - Akademi Sa\u00e7 Terapi","isPartOf":{"@id":"https:\/\/www.akademisacterapi.com\/en\/#website"},"primaryImageOfPage":{"@id":"https:\/\/www.akademisacterapi.com\/en\/corporate\/our-team\/evrim-bayraktar\/#primaryimage"},"image":{"@id":"https:\/\/www.akademisacterapi.com\/en\/corporate\/our-team\/evrim-bayraktar\/#primaryimage"},"thumbnailUrl":"https:\/\/www.akademisacterapi.com\/wp-content\/uploads\/evrim-bayraktar.jpg","datePublished":"2017-03-02T07:46:37+00:00","dateModified":"2025-03-17T13:37:21+00:00","breadcrumb":{"@id":"https:\/\/www.akademisacterapi.com\/en\/corporate\/our-team\/evrim-bayraktar\/#breadcrumb"},"inLanguage":"en-US","potentialAction":[{"@type":"ReadAction","target":["https:\/\/www.akademisacterapi.com\/en\/corporate\/our-team\/evrim-bayraktar\/"]}]},{"@type":"ImageObject","inLanguage":"en-US","@id":"https:\/\/www.akademisacterapi.com\/en\/corporate\/our-team\/evrim-bayraktar\/#primaryimage","url":"https:\/\/www.akademisacterapi.com\/wp-content\/uploads\/evrim-bayraktar.jpg","contentUrl":"https:\/\/www.akademisacterapi.com\/wp-content\/uploads\/evrim-bayraktar.jpg"},{"@type":"BreadcrumbList","@id":"https:\/\/www.akademisacterapi.com\/en\/corporate\/our-team\/evrim-bayraktar\/#breadcrumb","itemListElement":[{"@type":"ListItem","position":1,"name":"Ana Sayfa","item":"https:\/\/www.akademisacterapi.com\/en\/homepage\/"},{"@type":"ListItem","position":2,"name":"Corporate","item":"https:\/\/www.akademisacterapi.com\/en\/corporate\/"},{"@type":"ListItem","position":3,"name":"Our Team","item":"https:\/\/www.akademisacterapi.com\/en\/corporate\/our-team\/"},{"@type":"ListItem","position":4,"name":"Evrim Bayraktar, Trichologist"}]},{"@type":"WebSite","@id":"https:\/\/www.akademisacterapi.com\/en\/#website","url":"https:\/\/www.akademisacterapi.com\/en\/","name":"Akademi Sa\u00e7 Terapi","description":"Akademi Sa\u00e7 Terapi, sa\u00e7 sa\u011fl\u0131\u011f\u0131n\u0131 ve sa\u00e7 kalitesini iyile\u015ftirmek, sa\u00e7 kayb\u0131n\u0131 yava\u015flatmak hedefli dan\u0131\u015fmanl\u0131k ve bak\u0131m hizmeti veren bir merkezdir.","publisher":{"@id":"https:\/\/www.akademisacterapi.com\/en\/#organization"},"potentialAction":[{"@type":"SearchAction","target":{"@type":"EntryPoint","urlTemplate":"https:\/\/www.akademisacterapi.com\/en\/?s={search_term_string}"},"query-input":{"@type":"PropertyValueSpecification","valueRequired":true,"valueName":"search_term_string"}}],"inLanguage":"en-US"},{"@type":"Organization","@id":"https:\/\/www.akademisacterapi.com\/en\/#organization","name":"Akademi Sa\u00e7 Terapi","url":"https:\/\/www.akademisacterapi.com\/en\/","logo":{"@type":"ImageObject","inLanguage":"en-US","@id":"https:\/\/www.akademisacterapi.com\/en\/#\/schema\/logo\/image\/","url":"https:\/\/www.akademisacterapi.com\/wp-content\/uploads\/ast_icon.png","contentUrl":"https:\/\/www.akademisacterapi.com\/wp-content\/uploads\/ast_icon.png","width":250,"height":250,"caption":"Akademi Sa\u00e7 Terapi"},"image":{"@id":"https:\/\/www.akademisacterapi.com\/en\/#\/schema\/logo\/image\/"},"sameAs":["https:\/\/www.facebook.com\/akademisacterapi","https:\/\/x.com\/akademisac","https:\/\/www.instagram.com\/akademisacterapi","https:\/\/www.youtube.com\/channel\/UCEw4x0vhD7MfpVV5DwgbUBw"]}]}},"_links":{"self":[{"href":"https:\/\/www.akademisacterapi.com\/en\/wp-json\/wp\/v2\/pages\/16760","targetHints":{"allow":["GET"]}}],"collection":[{"href":"https:\/\/www.akademisacterapi.com\/en\/wp-json\/wp\/v2\/pages"}],"about":[{"href":"https:\/\/www.akademisacterapi.com\/en\/wp-json\/wp\/v2\/types\/page"}],"author":[{"embeddable":true,"href":"https:\/\/www.akademisacterapi.com\/en\/wp-json\/wp\/v2\/users\/1"}],"replies":[{"embeddable":true,"href":"https:\/\/www.akademisacterapi.com\/en\/wp-json\/wp\/v2\/comments?post=16760"}],"version-history":[{"count":0,"href":"https:\/\/www.akademisacterapi.com\/en\/wp-json\/wp\/v2\/pages\/16760\/revisions"}],"up":[{"embeddable":true,"href":"https:\/\/www.akademisacterapi.com\/en\/wp-json\/wp\/v2\/pages\/16755"}],"wp:attachment":[{"href":"https:\/\/www.akademisacterapi.com\/en\/wp-json\/wp\/v2\/media?parent=16760"}],"curies":[{"name":"wp","href":"https:\/\/api.w.org\/{rel}","templated":true}]}}