{"id":16752,"date":"2017-03-02T10:30:11","date_gmt":"2017-03-02T07:30:11","guid":{"rendered":"https:\/\/www.akademisacterapi.com\/corporate\/hakkimizda\/"},"modified":"2025-03-26T12:34:49","modified_gmt":"2025-03-26T09:34:49","slug":"about-us","status":"publish","type":"page","link":"https:\/\/www.akademisacterapi.com\/en\/corporate\/about-us\/","title":{"rendered":"About Us"},"content":{"rendered":"<h2>Akademi Sa\u00e7 Terapi, founded in 2009, is a center for Hair Care, offering cosmetic and therapeutic treatments with the goal of improving hair health through Trichological expertise.<\/h2>\n<div class=\"row\">\n<div class=\"col-12 col-md-4\">\n<p>The center has branches in Istanbul (Ni\u015fanta\u015f\u0131 and Bagdat Avenue) and Dubai, established and managed by UK licensed Trichologists Evrim Bayraktar and Burcu \u00c7ay\u00f6z\u00fc<\/p>\n<li>Completed a two-year Trichology Course of The Institute of Trichologists, UK<\/li>\n<li>Members of The European Hair Research Society (EHRS), International Association of Trichologists (IAT)<\/li>\n<li>Have in-depth knowledge and international experience in hair-diseases.<\/li>\n<p><\/p>\n<p>The Trichological Lotions we use, are regularly updated with advanced technologies and ingredients, offering personalized solutions for hair issues. Treatments are produced in licensed UK laboratories, while we also feature innovative South Korean formulations with growth factors and exosome-based ingredients, revolutionizing skin health and care.<\/p>\n<\/p><\/div>\n<div class=\"col-12 col-md-4\">\n<p>Our nano-technology-based topical lotions have high permeability, allowing active ingredients to effectively reach hair follicles. Additional support of shampoos, tonics, conditioners, restructuring masks, heat protection leave-ins, combs, laser combs, and laser caps may follow for home care.<\/p>\n<p><strong>WHAT MAKES US UNIQUE?<\/strong><\/p>\n<p>At Akademi Sac Terapi, our commitment to scientific progress distinguishes us and drives our success.<\/p>\n<li>Close follow-up &#038; track of hair progress<\/li>\n<li>Regular check-ups and dedicated time<\/li>\n<li>Expertise in hair health<\/li>\n<li>High-quality, effective products<\/li>\n<li>Memberships in global organizations<\/li>\n<li>International conference participations<\/li>\n<li>Ongoing research on international trends<\/li>\n<li>Passion and respect for the profession<\/li>\n<\/p><\/div>\n<div class=\"col-12 col-md-4\">\n        <img decoding=\"async\" class=\"img-fluid\" src=\"https:\/\/www.akademisacterapi.com\/wp-content\/uploads\/hakkimizda-1.jpg\" alt=\"\" \/>\n    <\/div>\n<\/div>\n","protected":false},"excerpt":{"rendered":"<p>Akademi Sa\u00e7 Terapi, founded in 2009, is a center for Hair Care, offering cosmetic and therapeutic treatments with the goal of improving hair health through Trichological expertise. The center has branches in Istanbul (Ni\u015fanta\u015f\u0131 and Bagdat Avenue) and Dubai, established and managed by UK licensed Trichologists Evrim Bayraktar and Burcu \u00c7ay\u00f6z\u00fc Completed a two-year Trichology [&hellip;]<\/p>\n","protected":false},"author":1,"featured_media":16754,"parent":16750,"menu_order":1,"comment_status":"closed","ping_status":"closed","template":"template-tabbed.php","meta":{"footnotes":""},"class_list":["post-16752","page","type-page","status-publish","has-post-thumbnail","hentry"],"yoast_head":"<!-- This site is optimized with the Yoast SEO plugin v27.0 - https:\/\/yoast.com\/product\/yoast-seo-wordpress\/ -->\n<title>About Us - Akademi Sa\u00e7 Terapi<\/title>\n<meta name=\"description\" content=\"Akademi Sa\u00e7 Terapi sa\u00e7 sa\u011fl\u0131\u011f\u0131n\u0131 ve sa\u00e7 kalitesini iyile\u015ftirmek, sa\u00e7 kayb\u0131n\u0131 yava\u015flatmak hedefli dan\u0131\u015fmanl\u0131k ve bak\u0131m hizmeti veren bir merkezdir.\" \/>\n<meta name=\"robots\" content=\"index, follow, max-snippet:-1, max-image-preview:large, max-video-preview:-1\" \/>\n<link rel=\"canonical\" href=\"https:\/\/www.akademisacterapi.com\/en\/corporate\/about-us\/\" \/>\n<meta property=\"og:locale\" content=\"en_US\" \/>\n<meta property=\"og:type\" content=\"article\" \/>\n<meta property=\"og:title\" content=\"About Us - Akademi Sa\u00e7 Terapi\" \/>\n<meta property=\"og:description\" content=\"Akademi Sa\u00e7 Terapi sa\u00e7 sa\u011fl\u0131\u011f\u0131n\u0131 ve sa\u00e7 kalitesini iyile\u015ftirmek, sa\u00e7 kayb\u0131n\u0131 yava\u015flatmak hedefli dan\u0131\u015fmanl\u0131k ve bak\u0131m hizmeti veren bir merkezdir.\" \/>\n<meta property=\"og:url\" content=\"https:\/\/www.akademisacterapi.com\/en\/corporate\/about-us\/\" \/>\n<meta property=\"og:site_name\" content=\"Akademi Sa\u00e7 Terapi\" \/>\n<meta property=\"article:publisher\" content=\"https:\/\/www.facebook.com\/akademisacterapi\" \/>\n<meta property=\"article:modified_time\" content=\"2025-03-26T09:34:49+00:00\" \/>\n<meta property=\"og:image\" content=\"https:\/\/www.akademisacterapi.com\/wp-content\/uploads\/hakkimizda.jpg\" \/>\n\t<meta property=\"og:image:width\" content=\"768\" \/>\n\t<meta property=\"og:image:height\" content=\"580\" \/>\n\t<meta property=\"og:image:type\" content=\"image\/jpeg\" \/>\n<meta name=\"twitter:card\" content=\"summary_large_image\" \/>\n<meta name=\"twitter:site\" content=\"@akademisac\" \/>\n<meta name=\"twitter:label1\" content=\"Est. reading time\" \/>\n\t<meta name=\"twitter:data1\" content=\"2 minutes\" \/>\n<script type=\"application\/ld+json\" class=\"yoast-schema-graph\">{\"@context\":\"https:\/\/schema.org\",\"@graph\":[{\"@type\":\"WebPage\",\"@id\":\"https:\/\/www.akademisacterapi.com\/en\/corporate\/about-us\/\",\"url\":\"https:\/\/www.akademisacterapi.com\/en\/corporate\/about-us\/\",\"name\":\"About Us - Akademi Sa\u00e7 Terapi\",\"isPartOf\":{\"@id\":\"https:\/\/www.akademisacterapi.com\/en\/#website\"},\"primaryImageOfPage\":{\"@id\":\"https:\/\/www.akademisacterapi.com\/en\/corporate\/about-us\/#primaryimage\"},\"image\":{\"@id\":\"https:\/\/www.akademisacterapi.com\/en\/corporate\/about-us\/#primaryimage\"},\"thumbnailUrl\":\"https:\/\/www.akademisacterapi.com\/wp-content\/uploads\/hakkimizda.jpg\",\"datePublished\":\"2017-03-02T07:30:11+00:00\",\"dateModified\":\"2025-03-26T09:34:49+00:00\",\"description\":\"Akademi Sa\u00e7 Terapi sa\u00e7 sa\u011fl\u0131\u011f\u0131n\u0131 ve sa\u00e7 kalitesini iyile\u015ftirmek, sa\u00e7 kayb\u0131n\u0131 yava\u015flatmak hedefli dan\u0131\u015fmanl\u0131k ve bak\u0131m hizmeti veren bir merkezdir.\",\"breadcrumb\":{\"@id\":\"https:\/\/www.akademisacterapi.com\/en\/corporate\/about-us\/#breadcrumb\"},\"inLanguage\":\"en-US\",\"potentialAction\":[{\"@type\":\"ReadAction\",\"target\":[\"https:\/\/www.akademisacterapi.com\/en\/corporate\/about-us\/\"]}]},{\"@type\":\"ImageObject\",\"inLanguage\":\"en-US\",\"@id\":\"https:\/\/www.akademisacterapi.com\/en\/corporate\/about-us\/#primaryimage\",\"url\":\"https:\/\/www.akademisacterapi.com\/wp-content\/uploads\/hakkimizda.jpg\",\"contentUrl\":\"https:\/\/www.akademisacterapi.com\/wp-content\/uploads\/hakkimizda.jpg\",\"width\":768,\"height\":580},{\"@type\":\"BreadcrumbList\",\"@id\":\"https:\/\/www.akademisacterapi.com\/en\/corporate\/about-us\/#breadcrumb\",\"itemListElement\":[{\"@type\":\"ListItem\",\"position\":1,\"name\":\"Ana Sayfa\",\"item\":\"https:\/\/www.akademisacterapi.com\/en\/homepage\/\"},{\"@type\":\"ListItem\",\"position\":2,\"name\":\"Corporate\",\"item\":\"https:\/\/www.akademisacterapi.com\/en\/corporate\/\"},{\"@type\":\"ListItem\",\"position\":3,\"name\":\"About Us\"}]},{\"@type\":\"WebSite\",\"@id\":\"https:\/\/www.akademisacterapi.com\/en\/#website\",\"url\":\"https:\/\/www.akademisacterapi.com\/en\/\",\"name\":\"Akademi Sa\u00e7 Terapi\",\"description\":\"Akademi Sa\u00e7 Terapi, sa\u00e7 sa\u011fl\u0131\u011f\u0131n\u0131 ve sa\u00e7 kalitesini iyile\u015ftirmek, sa\u00e7 kayb\u0131n\u0131 yava\u015flatmak hedefli dan\u0131\u015fmanl\u0131k ve bak\u0131m hizmeti veren bir merkezdir.\",\"publisher\":{\"@id\":\"https:\/\/www.akademisacterapi.com\/en\/#organization\"},\"potentialAction\":[{\"@type\":\"SearchAction\",\"target\":{\"@type\":\"EntryPoint\",\"urlTemplate\":\"https:\/\/www.akademisacterapi.com\/en\/?s={search_term_string}\"},\"query-input\":{\"@type\":\"PropertyValueSpecification\",\"valueRequired\":true,\"valueName\":\"search_term_string\"}}],\"inLanguage\":\"en-US\"},{\"@type\":\"Organization\",\"@id\":\"https:\/\/www.akademisacterapi.com\/en\/#organization\",\"name\":\"Akademi Sa\u00e7 Terapi\",\"url\":\"https:\/\/www.akademisacterapi.com\/en\/\",\"logo\":{\"@type\":\"ImageObject\",\"inLanguage\":\"en-US\",\"@id\":\"https:\/\/www.akademisacterapi.com\/en\/#\/schema\/logo\/image\/\",\"url\":\"https:\/\/www.akademisacterapi.com\/wp-content\/uploads\/ast_icon.png\",\"contentUrl\":\"https:\/\/www.akademisacterapi.com\/wp-content\/uploads\/ast_icon.png\",\"width\":250,\"height\":250,\"caption\":\"Akademi Sa\u00e7 Terapi\"},\"image\":{\"@id\":\"https:\/\/www.akademisacterapi.com\/en\/#\/schema\/logo\/image\/\"},\"sameAs\":[\"https:\/\/www.facebook.com\/akademisacterapi\",\"https:\/\/x.com\/akademisac\",\"https:\/\/www.instagram.com\/akademisacterapi\",\"https:\/\/www.youtube.com\/channel\/UCEw4x0vhD7MfpVV5DwgbUBw\"]}]}<\/script>\n<!-- \/ Yoast SEO plugin. -->","yoast_head_json":{"title":"About Us - Akademi Sa\u00e7 Terapi","description":"Akademi Sa\u00e7 Terapi sa\u00e7 sa\u011fl\u0131\u011f\u0131n\u0131 ve sa\u00e7 kalitesini iyile\u015ftirmek, sa\u00e7 kayb\u0131n\u0131 yava\u015flatmak hedefli dan\u0131\u015fmanl\u0131k ve bak\u0131m hizmeti veren bir merkezdir.","robots":{"index":"index","follow":"follow","max-snippet":"max-snippet:-1","max-image-preview":"max-image-preview:large","max-video-preview":"max-video-preview:-1"},"canonical":"https:\/\/www.akademisacterapi.com\/en\/corporate\/about-us\/","og_locale":"en_US","og_type":"article","og_title":"About Us - Akademi Sa\u00e7 Terapi","og_description":"Akademi Sa\u00e7 Terapi sa\u00e7 sa\u011fl\u0131\u011f\u0131n\u0131 ve sa\u00e7 kalitesini iyile\u015ftirmek, sa\u00e7 kayb\u0131n\u0131 yava\u015flatmak hedefli dan\u0131\u015fmanl\u0131k ve bak\u0131m hizmeti veren bir merkezdir.","og_url":"https:\/\/www.akademisacterapi.com\/en\/corporate\/about-us\/","og_site_name":"Akademi Sa\u00e7 Terapi","article_publisher":"https:\/\/www.facebook.com\/akademisacterapi","article_modified_time":"2025-03-26T09:34:49+00:00","og_image":[{"width":768,"height":580,"url":"https:\/\/www.akademisacterapi.com\/wp-content\/uploads\/hakkimizda.jpg","type":"image\/jpeg"}],"twitter_card":"summary_large_image","twitter_site":"@akademisac","twitter_misc":{"Est. reading time":"2 minutes"},"schema":{"@context":"https:\/\/schema.org","@graph":[{"@type":"WebPage","@id":"https:\/\/www.akademisacterapi.com\/en\/corporate\/about-us\/","url":"https:\/\/www.akademisacterapi.com\/en\/corporate\/about-us\/","name":"About Us - Akademi Sa\u00e7 Terapi","isPartOf":{"@id":"https:\/\/www.akademisacterapi.com\/en\/#website"},"primaryImageOfPage":{"@id":"https:\/\/www.akademisacterapi.com\/en\/corporate\/about-us\/#primaryimage"},"image":{"@id":"https:\/\/www.akademisacterapi.com\/en\/corporate\/about-us\/#primaryimage"},"thumbnailUrl":"https:\/\/www.akademisacterapi.com\/wp-content\/uploads\/hakkimizda.jpg","datePublished":"2017-03-02T07:30:11+00:00","dateModified":"2025-03-26T09:34:49+00:00","description":"Akademi Sa\u00e7 Terapi sa\u00e7 sa\u011fl\u0131\u011f\u0131n\u0131 ve sa\u00e7 kalitesini iyile\u015ftirmek, sa\u00e7 kayb\u0131n\u0131 yava\u015flatmak hedefli dan\u0131\u015fmanl\u0131k ve bak\u0131m hizmeti veren bir merkezdir.","breadcrumb":{"@id":"https:\/\/www.akademisacterapi.com\/en\/corporate\/about-us\/#breadcrumb"},"inLanguage":"en-US","potentialAction":[{"@type":"ReadAction","target":["https:\/\/www.akademisacterapi.com\/en\/corporate\/about-us\/"]}]},{"@type":"ImageObject","inLanguage":"en-US","@id":"https:\/\/www.akademisacterapi.com\/en\/corporate\/about-us\/#primaryimage","url":"https:\/\/www.akademisacterapi.com\/wp-content\/uploads\/hakkimizda.jpg","contentUrl":"https:\/\/www.akademisacterapi.com\/wp-content\/uploads\/hakkimizda.jpg","width":768,"height":580},{"@type":"BreadcrumbList","@id":"https:\/\/www.akademisacterapi.com\/en\/corporate\/about-us\/#breadcrumb","itemListElement":[{"@type":"ListItem","position":1,"name":"Ana Sayfa","item":"https:\/\/www.akademisacterapi.com\/en\/homepage\/"},{"@type":"ListItem","position":2,"name":"Corporate","item":"https:\/\/www.akademisacterapi.com\/en\/corporate\/"},{"@type":"ListItem","position":3,"name":"About Us"}]},{"@type":"WebSite","@id":"https:\/\/www.akademisacterapi.com\/en\/#website","url":"https:\/\/www.akademisacterapi.com\/en\/","name":"Akademi Sa\u00e7 Terapi","description":"Akademi Sa\u00e7 Terapi, sa\u00e7 sa\u011fl\u0131\u011f\u0131n\u0131 ve sa\u00e7 kalitesini iyile\u015ftirmek, sa\u00e7 kayb\u0131n\u0131 yava\u015flatmak hedefli dan\u0131\u015fmanl\u0131k ve bak\u0131m hizmeti veren bir merkezdir.","publisher":{"@id":"https:\/\/www.akademisacterapi.com\/en\/#organization"},"potentialAction":[{"@type":"SearchAction","target":{"@type":"EntryPoint","urlTemplate":"https:\/\/www.akademisacterapi.com\/en\/?s={search_term_string}"},"query-input":{"@type":"PropertyValueSpecification","valueRequired":true,"valueName":"search_term_string"}}],"inLanguage":"en-US"},{"@type":"Organization","@id":"https:\/\/www.akademisacterapi.com\/en\/#organization","name":"Akademi Sa\u00e7 Terapi","url":"https:\/\/www.akademisacterapi.com\/en\/","logo":{"@type":"ImageObject","inLanguage":"en-US","@id":"https:\/\/www.akademisacterapi.com\/en\/#\/schema\/logo\/image\/","url":"https:\/\/www.akademisacterapi.com\/wp-content\/uploads\/ast_icon.png","contentUrl":"https:\/\/www.akademisacterapi.com\/wp-content\/uploads\/ast_icon.png","width":250,"height":250,"caption":"Akademi Sa\u00e7 Terapi"},"image":{"@id":"https:\/\/www.akademisacterapi.com\/en\/#\/schema\/logo\/image\/"},"sameAs":["https:\/\/www.facebook.com\/akademisacterapi","https:\/\/x.com\/akademisac","https:\/\/www.instagram.com\/akademisacterapi","https:\/\/www.youtube.com\/channel\/UCEw4x0vhD7MfpVV5DwgbUBw"]}]}},"_links":{"self":[{"href":"https:\/\/www.akademisacterapi.com\/en\/wp-json\/wp\/v2\/pages\/16752","targetHints":{"allow":["GET"]}}],"collection":[{"href":"https:\/\/www.akademisacterapi.com\/en\/wp-json\/wp\/v2\/pages"}],"about":[{"href":"https:\/\/www.akademisacterapi.com\/en\/wp-json\/wp\/v2\/types\/page"}],"author":[{"embeddable":true,"href":"https:\/\/www.akademisacterapi.com\/en\/wp-json\/wp\/v2\/users\/1"}],"replies":[{"embeddable":true,"href":"https:\/\/www.akademisacterapi.com\/en\/wp-json\/wp\/v2\/comments?post=16752"}],"version-history":[{"count":0,"href":"https:\/\/www.akademisacterapi.com\/en\/wp-json\/wp\/v2\/pages\/16752\/revisions"}],"up":[{"embeddable":true,"href":"https:\/\/www.akademisacterapi.com\/en\/wp-json\/wp\/v2\/pages\/16750"}],"wp:featuredmedia":[{"embeddable":true,"href":"https:\/\/www.akademisacterapi.com\/en\/wp-json\/wp\/v2\/media\/16754"}],"wp:attachment":[{"href":"https:\/\/www.akademisacterapi.com\/en\/wp-json\/wp\/v2\/media?parent=16752"}],"curies":[{"name":"wp","href":"https:\/\/api.w.org\/{rel}","templated":true}]}}